{"id":13514,"date":"2024-04-02T09:26:03","date_gmt":"2024-04-02T07:26:03","guid":{"rendered":"https:\/\/www.esla.eu\/productos\/unkategorisiert\/e4510-zusaetzliches-schutzgelaender-serie-10105-45\/"},"modified":"2026-01-29T20:23:09","modified_gmt":"2026-01-29T19:23:09","slug":"e4510-zusaetzliches-schutzgelaender-serie-10105-45","status":"publish","type":"product","link":"https:\/\/www.esla.eu\/de\/productos\/zubehoer\/gelander\/e4510-zusaetzliches-schutzgelaender-serie-10105-45\/","title":{"rendered":"E4510 \u2013 Zus\u00e4tzliches Schutzgel\u00e4nder \u2013 Serie 10105 45 \u00b0"},"content":{"rendered":"<p>Zus\u00e4tzliche Gel\u00e4nder f\u00fcr Modell 10105<\/p>\n","protected":false},"excerpt":{"rendered":"<p>Zus\u00e4tzliche Gel\u00e4nder f\u00fcr Modell 10105<\/p>\n","protected":false},"featured_media":13520,"template":"","meta":{"inline_featured_image":false},"product_brand":[],"product_cat":[432],"product_tag":[],"class_list":{"0":"post-13514","1":"product","2":"type-product","3":"status-publish","4":"has-post-thumbnail","6":"product_cat-gelander","8":"first","9":"instock","10":"shipping-taxable","11":"purchasable","12":"product-type-variable"},"_links":{"self":[{"href":"https:\/\/www.esla.eu\/de\/wp-json\/wp\/v2\/product\/13514","targetHints":{"allow":["GET"]}}],"collection":[{"href":"https:\/\/www.esla.eu\/de\/wp-json\/wp\/v2\/product"}],"about":[{"href":"https:\/\/www.esla.eu\/de\/wp-json\/wp\/v2\/types\/product"}],"wp:featuredmedia":[{"embeddable":true,"href":"https:\/\/www.esla.eu\/de\/wp-json\/wp\/v2\/media\/13520"}],"wp:attachment":[{"href":"https:\/\/www.esla.eu\/de\/wp-json\/wp\/v2\/media?parent=13514"}],"wp:term":[{"taxonomy":"product_brand","embeddable":true,"href":"https:\/\/www.esla.eu\/de\/wp-json\/wp\/v2\/product_brand?post=13514"},{"taxonomy":"product_cat","embeddable":true,"href":"https:\/\/www.esla.eu\/de\/wp-json\/wp\/v2\/product_cat?post=13514"},{"taxonomy":"product_tag","embeddable":true,"href":"https:\/\/www.esla.eu\/de\/wp-json\/wp\/v2\/product_tag?post=13514"}],"curies":[{"name":"wp","href":"https:\/\/api.w.org\/{rel}","templated":true}]}}