{"id":13543,"date":"2024-04-02T09:55:14","date_gmt":"2024-04-02T07:55:14","guid":{"rendered":"https:\/\/www.esla.eu\/productos\/unkategorisiert\/e0210-sekundaere-schutzreling-serie-10300-10310\/"},"modified":"2026-01-29T20:21:47","modified_gmt":"2026-01-29T19:21:47","slug":"e0210-sekundaere-schutzreling-serie-10300-10310","status":"publish","type":"product","link":"https:\/\/www.esla.eu\/de\/productos\/zubehoer\/gelander\/e0210-sekundaere-schutzreling-serie-10300-10310\/","title":{"rendered":"E0210 \u2013 Sekund\u00e4re Schutzreling \u2013 Serie 10300 10310"},"content":{"rendered":"<p>Zus\u00e4tzliche Gel\u00e4nder f\u00fcr Modell 10300 und 10310<\/p>\n","protected":false},"excerpt":{"rendered":"<p>Zus\u00e4tzliche Gel\u00e4nder f\u00fcr Modell 10300 und 10310<\/p>\n","protected":false},"featured_media":13544,"template":"","meta":{"inline_featured_image":false},"product_brand":[],"product_cat":[432],"product_tag":[],"class_list":{"0":"post-13543","1":"product","2":"type-product","3":"status-publish","4":"has-post-thumbnail","6":"product_cat-gelander","8":"first","9":"instock","10":"shipping-taxable","11":"purchasable","12":"product-type-variable"},"_links":{"self":[{"href":"https:\/\/www.esla.eu\/de\/wp-json\/wp\/v2\/product\/13543","targetHints":{"allow":["GET"]}}],"collection":[{"href":"https:\/\/www.esla.eu\/de\/wp-json\/wp\/v2\/product"}],"about":[{"href":"https:\/\/www.esla.eu\/de\/wp-json\/wp\/v2\/types\/product"}],"wp:featuredmedia":[{"embeddable":true,"href":"https:\/\/www.esla.eu\/de\/wp-json\/wp\/v2\/media\/13544"}],"wp:attachment":[{"href":"https:\/\/www.esla.eu\/de\/wp-json\/wp\/v2\/media?parent=13543"}],"wp:term":[{"taxonomy":"product_brand","embeddable":true,"href":"https:\/\/www.esla.eu\/de\/wp-json\/wp\/v2\/product_brand?post=13543"},{"taxonomy":"product_cat","embeddable":true,"href":"https:\/\/www.esla.eu\/de\/wp-json\/wp\/v2\/product_cat?post=13543"},{"taxonomy":"product_tag","embeddable":true,"href":"https:\/\/www.esla.eu\/de\/wp-json\/wp\/v2\/product_tag?post=13543"}],"curies":[{"name":"wp","href":"https:\/\/api.w.org\/{rel}","templated":true}]}}