{"id":13620,"date":"2024-04-02T09:01:45","date_gmt":"2024-04-02T07:01:45","guid":{"rendered":"https:\/\/www.esla.eu\/productos\/unkategorisiert\/a12001000-satz-faltstabilisatoren-serie-10100-10105-10103\/"},"modified":"2024-04-02T09:01:45","modified_gmt":"2024-04-02T07:01:45","slug":"a12001000-satz-faltstabilisatoren-serie-10100-10105-10103","status":"publish","type":"product","link":"https:\/\/www.esla.eu\/de\/productos\/zubehoer\/stabilisatoren\/a12001000-satz-faltstabilisatoren-serie-10100-10105-10103\/","title":{"rendered":"A12001000 \u2013 Satz Faltstabilisatoren \u2013 Serie 10100 10105 10103"},"content":{"rendered":"<p>Faltstabilisatoren-Satz \u2013 Serie 10100 (bis 1010012) 10105 (bis 1010510) 10103 (bis 1010310)<\/p>\n<p>Erm\u00f6glicht das Verschieben der Plattform durch enge R\u00e4ume.<\/p>\n<p>Am Arbeitsplatz m\u00fcssen beide Seiten aufgeklappt sein.<\/p>\n","protected":false},"excerpt":{"rendered":"<p>Faltstabilisatoren-Satz \u2013 Serie 10100 (bis 1010012) 10105 (bis 1010510) 10103 (bis 1010310) Erm\u00f6glicht das Verschieben der Plattform durch enge R\u00e4ume. Am Arbeitsplatz m\u00fcssen beide Seiten aufgeklappt sein.<\/p>\n","protected":false},"featured_media":5139,"template":"","meta":{"inline_featured_image":false},"product_brand":[],"product_cat":[477],"product_tag":[],"class_list":{"0":"post-13620","1":"product","2":"type-product","3":"status-publish","4":"has-post-thumbnail","6":"product_cat-stabilisatoren","8":"first","9":"instock","10":"shipping-taxable","11":"product-type-simple"},"_links":{"self":[{"href":"https:\/\/www.esla.eu\/de\/wp-json\/wp\/v2\/product\/13620","targetHints":{"allow":["GET"]}}],"collection":[{"href":"https:\/\/www.esla.eu\/de\/wp-json\/wp\/v2\/product"}],"about":[{"href":"https:\/\/www.esla.eu\/de\/wp-json\/wp\/v2\/types\/product"}],"wp:featuredmedia":[{"embeddable":true,"href":"https:\/\/www.esla.eu\/de\/wp-json\/wp\/v2\/media\/5139"}],"wp:attachment":[{"href":"https:\/\/www.esla.eu\/de\/wp-json\/wp\/v2\/media?parent=13620"}],"wp:term":[{"taxonomy":"product_brand","embeddable":true,"href":"https:\/\/www.esla.eu\/de\/wp-json\/wp\/v2\/product_brand?post=13620"},{"taxonomy":"product_cat","embeddable":true,"href":"https:\/\/www.esla.eu\/de\/wp-json\/wp\/v2\/product_cat?post=13620"},{"taxonomy":"product_tag","embeddable":true,"href":"https:\/\/www.esla.eu\/de\/wp-json\/wp\/v2\/product_tag?post=13620"}],"curies":[{"name":"wp","href":"https:\/\/api.w.org\/{rel}","templated":true}]}}