{"id":13621,"date":"2024-03-18T12:53:50","date_gmt":"2024-03-18T11:53:50","guid":{"rendered":"https:\/\/www.esla.eu\/productos\/unkategorisiert\/51528-satz-zur-befestigung-der-leiter-an-der-dachrinne\/"},"modified":"2024-03-18T12:53:50","modified_gmt":"2024-03-18T11:53:50","slug":"51528-satz-zur-befestigung-der-leiter-an-der-dachrinne","status":"publish","type":"product","link":"https:\/\/www.esla.eu\/de\/productos\/zubehoer\/befestigung-haken\/51528-satz-zur-befestigung-der-leiter-an-der-dachrinne\/","title":{"rendered":"51528 \u2013 Satz zur Befestigung der Leiter an der Dachrinne"},"content":{"rendered":"<p>Leiterbefestigungssatz in Dachrinnen gem\u00e4\u00df DIN 18461<\/p>\n<p>Verwendbar in allen Modellen von tragbaren Aluminium-Anlege- und Ausziehleitern<\/p>\n<p>Die Ummantelung der Klemmen ist aus PVC und sch\u00fctzt die Dachrinnen vor m\u00f6glichen St\u00f6\u00dfen<\/p>\n","protected":false},"excerpt":{"rendered":"<p>Leiterbefestigungssatz in Dachrinnen gem\u00e4\u00df DIN 18461 Verwendbar in allen Modellen von tragbaren Aluminium-Anlege- und Ausziehleitern Die Ummantelung der Klemmen ist aus PVC und sch\u00fctzt die Dachrinnen vor m\u00f6glichen St\u00f6\u00dfen<\/p>\n","protected":false},"featured_media":4143,"template":"","meta":{"inline_featured_image":false},"product_brand":[],"product_cat":[473],"product_tag":[],"class_list":{"0":"post-13621","1":"product","2":"type-product","3":"status-publish","4":"has-post-thumbnail","6":"product_cat-befestigung-haken","8":"first","9":"instock","10":"shipping-taxable","11":"product-type-simple"},"_links":{"self":[{"href":"https:\/\/www.esla.eu\/de\/wp-json\/wp\/v2\/product\/13621","targetHints":{"allow":["GET"]}}],"collection":[{"href":"https:\/\/www.esla.eu\/de\/wp-json\/wp\/v2\/product"}],"about":[{"href":"https:\/\/www.esla.eu\/de\/wp-json\/wp\/v2\/types\/product"}],"wp:featuredmedia":[{"embeddable":true,"href":"https:\/\/www.esla.eu\/de\/wp-json\/wp\/v2\/media\/4143"}],"wp:attachment":[{"href":"https:\/\/www.esla.eu\/de\/wp-json\/wp\/v2\/media?parent=13621"}],"wp:term":[{"taxonomy":"product_brand","embeddable":true,"href":"https:\/\/www.esla.eu\/de\/wp-json\/wp\/v2\/product_brand?post=13621"},{"taxonomy":"product_cat","embeddable":true,"href":"https:\/\/www.esla.eu\/de\/wp-json\/wp\/v2\/product_cat?post=13621"},{"taxonomy":"product_tag","embeddable":true,"href":"https:\/\/www.esla.eu\/de\/wp-json\/wp\/v2\/product_tag?post=13621"}],"curies":[{"name":"wp","href":"https:\/\/api.w.org\/{rel}","templated":true}]}}