{"id":13628,"date":"2024-04-02T09:11:05","date_gmt":"2024-04-02T07:11:05","guid":{"rendered":"https:\/\/www.esla.eu\/productos\/unkategorisiert\/a02010000-bremshebel-set-fuer-vorderrad-60-serie-10100\/"},"modified":"2024-04-02T09:11:05","modified_gmt":"2024-04-02T07:11:05","slug":"a02010000-bremshebel-set-fuer-vorderrad-60-serie-10100","status":"publish","type":"product","link":"https:\/\/www.esla.eu\/de\/productos\/zubehoer\/rader\/a02010000-bremshebel-set-fuer-vorderrad-60-serie-10100\/","title":{"rendered":"A02010000 \u2013 Bremshebel-Set f\u00fcr Vorderrad 60 \u00b0 \u2013 Serie 10100"},"content":{"rendered":"<p>Set mit 2 Vorderr\u00e4dern mit Hebelbremse<\/p>\n<p>Durch den Einbau hat die Plattform 4 R\u00e4der.<\/p>\n<p>Die 2 hinteren sind zur Erleichterung der Bewegung gef\u00fchrt, und diese sind ungef\u00fchrt, was eine bessere Beweglichkeit in alle Richtungen erm\u00f6glicht.<\/p>\n<p>Serie 10100<\/p>\n","protected":false},"excerpt":{"rendered":"<p>Set mit 2 Vorderr\u00e4dern mit Hebelbremse Durch den Einbau hat die Plattform 4 R\u00e4der. Die 2 hinteren sind zur Erleichterung der Bewegung gef\u00fchrt, und diese sind ungef\u00fchrt, was eine bessere Beweglichkeit in alle Richtungen erm\u00f6glicht. Serie 10100<\/p>\n","protected":false},"featured_media":5177,"template":"","meta":{"inline_featured_image":false},"product_brand":[],"product_cat":[438],"product_tag":[],"class_list":{"0":"post-13628","1":"product","2":"type-product","3":"status-publish","4":"has-post-thumbnail","6":"product_cat-rader","8":"first","9":"instock","10":"shipping-taxable","11":"product-type-simple"},"_links":{"self":[{"href":"https:\/\/www.esla.eu\/de\/wp-json\/wp\/v2\/product\/13628","targetHints":{"allow":["GET"]}}],"collection":[{"href":"https:\/\/www.esla.eu\/de\/wp-json\/wp\/v2\/product"}],"about":[{"href":"https:\/\/www.esla.eu\/de\/wp-json\/wp\/v2\/types\/product"}],"wp:featuredmedia":[{"embeddable":true,"href":"https:\/\/www.esla.eu\/de\/wp-json\/wp\/v2\/media\/5177"}],"wp:attachment":[{"href":"https:\/\/www.esla.eu\/de\/wp-json\/wp\/v2\/media?parent=13628"}],"wp:term":[{"taxonomy":"product_brand","embeddable":true,"href":"https:\/\/www.esla.eu\/de\/wp-json\/wp\/v2\/product_brand?post=13628"},{"taxonomy":"product_cat","embeddable":true,"href":"https:\/\/www.esla.eu\/de\/wp-json\/wp\/v2\/product_cat?post=13628"},{"taxonomy":"product_tag","embeddable":true,"href":"https:\/\/www.esla.eu\/de\/wp-json\/wp\/v2\/product_tag?post=13628"}],"curies":[{"name":"wp","href":"https:\/\/api.w.org\/{rel}","templated":true}]}}