{"id":13630,"date":"2024-03-18T11:08:30","date_gmt":"2024-03-18T10:08:30","guid":{"rendered":"https:\/\/www.esla.eu\/productos\/unkategorisiert\/2001509-mobile-plattform\/"},"modified":"2026-01-30T18:11:15","modified_gmt":"2026-01-30T17:11:15","slug":"2001509-mobile-plattform","status":"publish","type":"product","link":"https:\/\/www.esla.eu\/de\/productos\/sonderloesungen\/fahrbare-plattformen\/2001509-mobile-plattform\/","title":{"rendered":"2001509 &#8211; Mobile Plattform"},"content":{"rendered":"<p>Mobile Aluminiumplattform f\u00fcr die Instandhaltung von Eisenbahnen<\/p>\n<p>&#8211; Klappbare vordere Handl\u00e4ufe<\/p>\n<p>&#8211; Frontschutz zur Vermeidung von St\u00f6\u00dfen mit Gummi<\/p>\n<p>&#8211; Dreifachrad<\/p>\n<p>&#8211; Untergestell aus lackiertem Stahl<\/p>\n","protected":false},"excerpt":{"rendered":"<p>Mobile Aluminiumplattform f\u00fcr die Instandhaltung von Eisenbahnen &#8211; Klappbare vordere Handl\u00e4ufe &#8211; Frontschutz zur Vermeidung von St\u00f6\u00dfen mit Gummi &#8211; Dreifachrad &#8211; Untergestell aus lackiertem Stahl<\/p>\n","protected":false},"featured_media":13632,"template":"","meta":{"inline_featured_image":false},"product_brand":[],"product_cat":[472],"product_tag":[],"class_list":{"0":"post-13630","1":"product","2":"type-product","3":"status-publish","4":"has-post-thumbnail","6":"product_cat-fahrbare-plattformen","8":"first","9":"instock","10":"shipping-taxable","11":"product-type-simple"},"_links":{"self":[{"href":"https:\/\/www.esla.eu\/de\/wp-json\/wp\/v2\/product\/13630","targetHints":{"allow":["GET"]}}],"collection":[{"href":"https:\/\/www.esla.eu\/de\/wp-json\/wp\/v2\/product"}],"about":[{"href":"https:\/\/www.esla.eu\/de\/wp-json\/wp\/v2\/types\/product"}],"wp:featuredmedia":[{"embeddable":true,"href":"https:\/\/www.esla.eu\/de\/wp-json\/wp\/v2\/media\/13632"}],"wp:attachment":[{"href":"https:\/\/www.esla.eu\/de\/wp-json\/wp\/v2\/media?parent=13630"}],"wp:term":[{"taxonomy":"product_brand","embeddable":true,"href":"https:\/\/www.esla.eu\/de\/wp-json\/wp\/v2\/product_brand?post=13630"},{"taxonomy":"product_cat","embeddable":true,"href":"https:\/\/www.esla.eu\/de\/wp-json\/wp\/v2\/product_cat?post=13630"},{"taxonomy":"product_tag","embeddable":true,"href":"https:\/\/www.esla.eu\/de\/wp-json\/wp\/v2\/product_tag?post=13630"}],"curies":[{"name":"wp","href":"https:\/\/api.w.org\/{rel}","templated":true}]}}