{"id":13636,"date":"2024-03-18T11:25:04","date_gmt":"2024-03-18T10:25:04","guid":{"rendered":"https:\/\/www.esla.eu\/productos\/unkategorisiert\/2030152-mobile-bruecke\/"},"modified":"2026-01-30T18:04:52","modified_gmt":"2026-01-30T17:04:52","slug":"2030152-mobile-bruecke","status":"publish","type":"product","link":"https:\/\/www.esla.eu\/de\/productos\/sonderloesungen\/brucken\/2030152-mobile-bruecke\/","title":{"rendered":"2030152 &#8211; Mobile Br\u00fccke"},"content":{"rendered":"<p>Mobile Aluminiumbr\u00fccke f\u00fcr die Wartung einer Logistiklagerlinie<\/p>\n<p>&#8211; Zugang mit Gelenkleiter<\/p>\n<p>&#8211; L\u00e4nge 5.500 mm x 4.000 mm<\/p>\n","protected":false},"excerpt":{"rendered":"<p>Mobile Aluminiumbr\u00fccke f\u00fcr die Wartung einer Logistiklagerlinie &#8211; Zugang mit Gelenkleiter &#8211; L\u00e4nge 5.500 mm x 4.000 mm<\/p>\n","protected":false},"featured_media":13637,"template":"","meta":{"inline_featured_image":false},"product_brand":[],"product_cat":[474],"product_tag":[],"class_list":{"0":"post-13636","1":"product","2":"type-product","3":"status-publish","4":"has-post-thumbnail","6":"product_cat-brucken","8":"first","9":"instock","10":"shipping-taxable","11":"product-type-simple"},"_links":{"self":[{"href":"https:\/\/www.esla.eu\/de\/wp-json\/wp\/v2\/product\/13636","targetHints":{"allow":["GET"]}}],"collection":[{"href":"https:\/\/www.esla.eu\/de\/wp-json\/wp\/v2\/product"}],"about":[{"href":"https:\/\/www.esla.eu\/de\/wp-json\/wp\/v2\/types\/product"}],"wp:featuredmedia":[{"embeddable":true,"href":"https:\/\/www.esla.eu\/de\/wp-json\/wp\/v2\/media\/13637"}],"wp:attachment":[{"href":"https:\/\/www.esla.eu\/de\/wp-json\/wp\/v2\/media?parent=13636"}],"wp:term":[{"taxonomy":"product_brand","embeddable":true,"href":"https:\/\/www.esla.eu\/de\/wp-json\/wp\/v2\/product_brand?post=13636"},{"taxonomy":"product_cat","embeddable":true,"href":"https:\/\/www.esla.eu\/de\/wp-json\/wp\/v2\/product_cat?post=13636"},{"taxonomy":"product_tag","embeddable":true,"href":"https:\/\/www.esla.eu\/de\/wp-json\/wp\/v2\/product_tag?post=13636"}],"curies":[{"name":"wp","href":"https:\/\/api.w.org\/{rel}","templated":true}]}}