{"id":13645,"date":"2024-03-18T11:27:17","date_gmt":"2024-03-18T10:27:17","guid":{"rendered":"https:\/\/www.esla.eu\/productos\/unkategorisiert\/8081-scherenleiter-mit-grosser-plattform-en131-1-2\/"},"modified":"2026-01-30T18:01:05","modified_gmt":"2026-01-30T17:01:05","slug":"8081-scherenleiter-mit-grosser-plattform-en131-1-2","status":"publish","type":"product","link":"https:\/\/www.esla.eu\/de\/productos\/tragbare-leitern\/8081-scherenleiter-mit-grosser-plattform-en131-1-2\/","title":{"rendered":"8081 &#8211; Scherenleiter mit gro\u00dfer Plattform EN131.1-2"},"content":{"rendered":"<p><strong>Besondere Merkmale<\/strong><\/p>\n<p><strong>Besondere Merkmale<\/strong><\/p>\n<p>Ungef\u00e4hre maximale Arbeitsh\u00f6he (m): 4,8<\/p>\n<p>Neigung \u00b0: 68<\/p>\n<p>Sprosse (mm): 80<\/p>\n<p>Sprossenabstand (mm): 250<\/p>\n<p><strong>Weitere Details<\/strong><\/p>\n<p>Ergonomische, stranggepresste Seitenholme.<\/p>\n<p>Abgewinkelte F\u00fc\u00dfe, die mehr Auflagefl\u00e4che bieten.<\/p>\n<p>Obere Werkzeugablage aus Kunststoff, mit Haken zum Einh\u00e4ngen von Eimern bis zu 25 kg.<\/p>\n<p>Plattform 440 x 400.<\/p>\n<p>Verst\u00e4rkungsstreben der ersten Stufe.<\/p>\n<p>Gel\u00e4nderh\u00f6he 800 mm.<\/p>\n<p>Oberer Handlauf bis zur Mitte des Treppenhauses.<\/p>\n<p>Hochfeste \u00d6ffnungsgurte ab 8 Stufen.<\/p>\n<p>100-mm-R\u00e4der auf der R\u00fcckseite f\u00fcr den Transport.<\/p>\n","protected":false},"excerpt":{"rendered":"<p>Besondere Merkmale Besondere Merkmale Ungef\u00e4hre maximale Arbeitsh\u00f6he (m): 4,8 Neigung \u00b0: 68 Sprosse (mm): 80 Sprossenabstand (mm): 250 Weitere Details Ergonomische, stranggepresste Seitenholme. Abgewinkelte F\u00fc\u00dfe, die mehr Auflagefl\u00e4che bieten. Obere Werkzeugablage aus Kunststoff, mit Haken zum Einh\u00e4ngen von Eimern bis zu 25 kg. Plattform 440 x 400. Verst\u00e4rkungsstreben der ersten Stufe. Gel\u00e4nderh\u00f6he 800 mm. Oberer [&hellip;]<\/p>\n","protected":false},"featured_media":13648,"template":"","meta":{"inline_featured_image":false},"product_brand":[],"product_cat":[480],"product_tag":[],"class_list":{"0":"post-13645","1":"product","2":"type-product","3":"status-publish","4":"has-post-thumbnail","6":"product_cat-tragbare-leitern","8":"first","9":"instock","10":"shipping-taxable","11":"purchasable","12":"product-type-simple"},"_links":{"self":[{"href":"https:\/\/www.esla.eu\/de\/wp-json\/wp\/v2\/product\/13645","targetHints":{"allow":["GET"]}}],"collection":[{"href":"https:\/\/www.esla.eu\/de\/wp-json\/wp\/v2\/product"}],"about":[{"href":"https:\/\/www.esla.eu\/de\/wp-json\/wp\/v2\/types\/product"}],"wp:featuredmedia":[{"embeddable":true,"href":"https:\/\/www.esla.eu\/de\/wp-json\/wp\/v2\/media\/13648"}],"wp:attachment":[{"href":"https:\/\/www.esla.eu\/de\/wp-json\/wp\/v2\/media?parent=13645"}],"wp:term":[{"taxonomy":"product_brand","embeddable":true,"href":"https:\/\/www.esla.eu\/de\/wp-json\/wp\/v2\/product_brand?post=13645"},{"taxonomy":"product_cat","embeddable":true,"href":"https:\/\/www.esla.eu\/de\/wp-json\/wp\/v2\/product_cat?post=13645"},{"taxonomy":"product_tag","embeddable":true,"href":"https:\/\/www.esla.eu\/de\/wp-json\/wp\/v2\/product_tag?post=13645"}],"curies":[{"name":"wp","href":"https:\/\/api.w.org\/{rel}","templated":true}]}}