{"id":13659,"date":"2024-03-18T11:14:05","date_gmt":"2024-03-18T10:14:05","guid":{"rendered":"https:\/\/www.esla.eu\/productos\/unkategorisiert\/2001434-mobile-plattform\/"},"modified":"2026-01-30T18:09:58","modified_gmt":"2026-01-30T17:09:58","slug":"2001434-mobile-plattform","status":"publish","type":"product","link":"https:\/\/www.esla.eu\/de\/productos\/sonderloesungen\/fahrbare-plattformen\/2001434-mobile-plattform\/","title":{"rendered":"2001434 \u2013 Mobile Plattform"},"content":{"rendered":"<p>Mobile Aluminiumplattform f\u00fcr die Helikopterwartung<\/p>\n<p>&#8211; Nivellierf\u00fc\u00dfe<\/p>\n<p>\u2013 Seitlicher \u00dcberhang<\/p>\n","protected":false},"excerpt":{"rendered":"<p>Mobile Aluminiumplattform f\u00fcr die Helikopterwartung &#8211; Nivellierf\u00fc\u00dfe \u2013 Seitlicher \u00dcberhang<\/p>\n","protected":false},"featured_media":13662,"template":"","meta":{"inline_featured_image":false},"product_brand":[],"product_cat":[472],"product_tag":[],"class_list":{"0":"post-13659","1":"product","2":"type-product","3":"status-publish","4":"has-post-thumbnail","6":"product_cat-fahrbare-plattformen","8":"first","9":"instock","10":"shipping-taxable","11":"product-type-simple"},"_links":{"self":[{"href":"https:\/\/www.esla.eu\/de\/wp-json\/wp\/v2\/product\/13659","targetHints":{"allow":["GET"]}}],"collection":[{"href":"https:\/\/www.esla.eu\/de\/wp-json\/wp\/v2\/product"}],"about":[{"href":"https:\/\/www.esla.eu\/de\/wp-json\/wp\/v2\/types\/product"}],"wp:featuredmedia":[{"embeddable":true,"href":"https:\/\/www.esla.eu\/de\/wp-json\/wp\/v2\/media\/13662"}],"wp:attachment":[{"href":"https:\/\/www.esla.eu\/de\/wp-json\/wp\/v2\/media?parent=13659"}],"wp:term":[{"taxonomy":"product_brand","embeddable":true,"href":"https:\/\/www.esla.eu\/de\/wp-json\/wp\/v2\/product_brand?post=13659"},{"taxonomy":"product_cat","embeddable":true,"href":"https:\/\/www.esla.eu\/de\/wp-json\/wp\/v2\/product_cat?post=13659"},{"taxonomy":"product_tag","embeddable":true,"href":"https:\/\/www.esla.eu\/de\/wp-json\/wp\/v2\/product_tag?post=13659"}],"curies":[{"name":"wp","href":"https:\/\/api.w.org\/{rel}","templated":true}]}}