{"id":13686,"date":"2024-03-18T11:20:13","date_gmt":"2024-03-18T10:20:13","guid":{"rendered":"https:\/\/www.esla.eu\/productos\/unkategorisiert\/2011018-mobile-zugangs-arbeitsbuehne\/"},"modified":"2026-01-30T18:08:04","modified_gmt":"2026-01-30T17:08:04","slug":"2011018-mobile-zugangs-arbeitsbuehne","status":"publish","type":"product","link":"https:\/\/www.esla.eu\/de\/productos\/sonderloesungen\/fahrbare-plattformen\/2011018-mobile-zugangs-arbeitsbuehne\/","title":{"rendered":"2011018 &#8211; Mobile Zugangs-Arbeitsb\u00fchne"},"content":{"rendered":"<p>Mobile Aluminium-Arbeitsb\u00fchne f\u00fcr den Zugang zu Z\u00fcgen<\/p>\n<p>&#8211; Dreifachbereifung<\/p>\n<p>&#8211; Nivellierf\u00fc\u00dfe<\/p>\n<p>&#8211; Schutzvorrichtungen<\/p>\n","protected":false},"excerpt":{"rendered":"<p>Mobile Aluminium-Arbeitsb\u00fchne f\u00fcr den Zugang zu Z\u00fcgen &#8211; Dreifachbereifung &#8211; Nivellierf\u00fc\u00dfe &#8211; Schutzvorrichtungen<\/p>\n","protected":false},"featured_media":13689,"template":"","meta":{"inline_featured_image":false},"product_brand":[],"product_cat":[472],"product_tag":[],"class_list":{"0":"post-13686","1":"product","2":"type-product","3":"status-publish","4":"has-post-thumbnail","6":"product_cat-fahrbare-plattformen","8":"first","9":"instock","10":"shipping-taxable","11":"product-type-simple"},"_links":{"self":[{"href":"https:\/\/www.esla.eu\/de\/wp-json\/wp\/v2\/product\/13686","targetHints":{"allow":["GET"]}}],"collection":[{"href":"https:\/\/www.esla.eu\/de\/wp-json\/wp\/v2\/product"}],"about":[{"href":"https:\/\/www.esla.eu\/de\/wp-json\/wp\/v2\/types\/product"}],"wp:featuredmedia":[{"embeddable":true,"href":"https:\/\/www.esla.eu\/de\/wp-json\/wp\/v2\/media\/13689"}],"wp:attachment":[{"href":"https:\/\/www.esla.eu\/de\/wp-json\/wp\/v2\/media?parent=13686"}],"wp:term":[{"taxonomy":"product_brand","embeddable":true,"href":"https:\/\/www.esla.eu\/de\/wp-json\/wp\/v2\/product_brand?post=13686"},{"taxonomy":"product_cat","embeddable":true,"href":"https:\/\/www.esla.eu\/de\/wp-json\/wp\/v2\/product_cat?post=13686"},{"taxonomy":"product_tag","embeddable":true,"href":"https:\/\/www.esla.eu\/de\/wp-json\/wp\/v2\/product_tag?post=13686"}],"curies":[{"name":"wp","href":"https:\/\/api.w.org\/{rel}","templated":true}]}}