{"id":13726,"date":"2024-03-18T10:48:08","date_gmt":"2024-03-18T09:48:08","guid":{"rendered":"https:\/\/www.esla.eu\/productos\/unkategorisiert\/2011319-mobile-lagerbuehne\/"},"modified":"2026-01-30T18:28:01","modified_gmt":"2026-01-30T17:28:01","slug":"2011319-mobile-lagerbuehne","status":"publish","type":"product","link":"https:\/\/www.esla.eu\/de\/productos\/sonderloesungen\/fahrbare-plattformen\/2011319-mobile-lagerbuehne\/","title":{"rendered":"2011319 &#8211; Mobile Lagerb\u00fchne"},"content":{"rendered":"<p>&#8211; 60\u00b0-Skala<\/p>\n<p>&#8211; Schutzgel\u00e4nder<\/p>\n<p>&#8211; \u00dcberhang 1600 mm<\/p>\n<p>&#8211; Fortschrittliche Bodenstruktur<\/p>\n<p>&#8211; Untere Struktur mit Eisen<\/p>\n<p>&#8211; 6 R\u00e4der f\u00fcr einfache Mobilit\u00e4t<\/p>\n","protected":false},"excerpt":{"rendered":"<p>&#8211; 60\u00b0-Skala &#8211; Schutzgel\u00e4nder &#8211; \u00dcberhang 1600 mm &#8211; Fortschrittliche Bodenstruktur &#8211; Untere Struktur mit Eisen &#8211; 6 R\u00e4der f\u00fcr einfache Mobilit\u00e4t<\/p>\n","protected":false},"featured_media":13728,"template":"","meta":{"inline_featured_image":false},"product_brand":[],"product_cat":[472],"product_tag":[],"class_list":{"0":"post-13726","1":"product","2":"type-product","3":"status-publish","4":"has-post-thumbnail","6":"product_cat-fahrbare-plattformen","8":"first","9":"instock","10":"shipping-taxable","11":"product-type-simple"},"_links":{"self":[{"href":"https:\/\/www.esla.eu\/de\/wp-json\/wp\/v2\/product\/13726","targetHints":{"allow":["GET"]}}],"collection":[{"href":"https:\/\/www.esla.eu\/de\/wp-json\/wp\/v2\/product"}],"about":[{"href":"https:\/\/www.esla.eu\/de\/wp-json\/wp\/v2\/types\/product"}],"wp:featuredmedia":[{"embeddable":true,"href":"https:\/\/www.esla.eu\/de\/wp-json\/wp\/v2\/media\/13728"}],"wp:attachment":[{"href":"https:\/\/www.esla.eu\/de\/wp-json\/wp\/v2\/media?parent=13726"}],"wp:term":[{"taxonomy":"product_brand","embeddable":true,"href":"https:\/\/www.esla.eu\/de\/wp-json\/wp\/v2\/product_brand?post=13726"},{"taxonomy":"product_cat","embeddable":true,"href":"https:\/\/www.esla.eu\/de\/wp-json\/wp\/v2\/product_cat?post=13726"},{"taxonomy":"product_tag","embeddable":true,"href":"https:\/\/www.esla.eu\/de\/wp-json\/wp\/v2\/product_tag?post=13726"}],"curies":[{"name":"wp","href":"https:\/\/api.w.org\/{rel}","templated":true}]}}