{"id":13748,"date":"2024-03-18T10:49:26","date_gmt":"2024-03-18T09:49:26","guid":{"rendered":"https:\/\/www.esla.eu\/productos\/unkategorisiert\/2010638-mobile-plattform-fuer-den-zugang-zu-flugzeugraeumen\/"},"modified":"2026-01-30T18:28:11","modified_gmt":"2026-01-30T17:28:11","slug":"2010638-mobile-plattform-fuer-den-zugang-zu-flugzeugraeumen","status":"publish","type":"product","link":"https:\/\/www.esla.eu\/de\/productos\/sonderloesungen\/fahrbare-plattformen\/2010638-mobile-plattform-fuer-den-zugang-zu-flugzeugraeumen\/","title":{"rendered":"2010638 \u2013 Mobile Plattform f\u00fcr den Zugang zu Flugzeugr\u00e4umen"},"content":{"rendered":"<p>-35\u00b0-Treppe<\/p>\n<p>-4 Nivellierf\u00fc\u00dfe<\/p>\n<p>-Gesamth\u00f6he von 2,7 Metern<\/p>\n<p>-Rutschfeste Stufen<\/p>\n","protected":false},"excerpt":{"rendered":"<p>-35\u00b0-Treppe -4 Nivellierf\u00fc\u00dfe -Gesamth\u00f6he von 2,7 Metern -Rutschfeste Stufen<\/p>\n","protected":false},"featured_media":13330,"template":"","meta":{"inline_featured_image":false},"product_brand":[],"product_cat":[472],"product_tag":[],"class_list":{"0":"post-13748","1":"product","2":"type-product","3":"status-publish","4":"has-post-thumbnail","6":"product_cat-fahrbare-plattformen","8":"first","9":"instock","10":"shipping-taxable","11":"product-type-simple"},"_links":{"self":[{"href":"https:\/\/www.esla.eu\/de\/wp-json\/wp\/v2\/product\/13748","targetHints":{"allow":["GET"]}}],"collection":[{"href":"https:\/\/www.esla.eu\/de\/wp-json\/wp\/v2\/product"}],"about":[{"href":"https:\/\/www.esla.eu\/de\/wp-json\/wp\/v2\/types\/product"}],"wp:featuredmedia":[{"embeddable":true,"href":"https:\/\/www.esla.eu\/de\/wp-json\/wp\/v2\/media\/13330"}],"wp:attachment":[{"href":"https:\/\/www.esla.eu\/de\/wp-json\/wp\/v2\/media?parent=13748"}],"wp:term":[{"taxonomy":"product_brand","embeddable":true,"href":"https:\/\/www.esla.eu\/de\/wp-json\/wp\/v2\/product_brand?post=13748"},{"taxonomy":"product_cat","embeddable":true,"href":"https:\/\/www.esla.eu\/de\/wp-json\/wp\/v2\/product_cat?post=13748"},{"taxonomy":"product_tag","embeddable":true,"href":"https:\/\/www.esla.eu\/de\/wp-json\/wp\/v2\/product_tag?post=13748"}],"curies":[{"name":"wp","href":"https:\/\/api.w.org\/{rel}","templated":true}]}}