{"id":13772,"date":"2024-03-18T10:09:03","date_gmt":"2024-03-18T09:09:03","guid":{"rendered":"https:\/\/www.esla.eu\/productos\/unkategorisiert\/2000918-hebebuehne-mit-ausziehbarer-zugangsleiter-und-spezialraedern-fuer-schienenlauf\/"},"modified":"2026-01-30T18:43:19","modified_gmt":"2026-01-30T17:43:19","slug":"2000918-hebebuehne-mit-ausziehbarer-zugangsleiter-und-spezialraedern-fuer-schienenlauf","status":"publish","type":"product","link":"https:\/\/www.esla.eu\/de\/productos\/sonderloesungen\/hohenverstellbare-wartungsplattformen-2\/2000918-hebebuehne-mit-ausziehbarer-zugangsleiter-und-spezialraedern-fuer-schienenlauf\/","title":{"rendered":"2000918 \u2013 Hebeb\u00fchne mit ausziehbarer Zugangsleiter und Spezialr\u00e4dern f\u00fcr Schienenlauf"},"content":{"rendered":"<p>Zahnstangen-Hubsystem mit manueller Bedienung.<\/p>\n<p>Vertikaler Zugang mit ausziehbarer Leiter.<\/p>\n<p>Spezialr\u00e4der zur Bewegung entlang der Schiene.<\/p>\n<p>Ausziehbare Frontlamellen zur Abdeckung aller Zwischenr\u00e4ume.<\/p>\n","protected":false},"excerpt":{"rendered":"<p>Zahnstangen-Hubsystem mit manueller Bedienung. Vertikaler Zugang mit ausziehbarer Leiter. Spezialr\u00e4der zur Bewegung entlang der Schiene. Ausziehbare Frontlamellen zur Abdeckung aller Zwischenr\u00e4ume.<\/p>\n","protected":false},"featured_media":13778,"template":"","meta":{"inline_featured_image":false},"product_brand":[],"product_cat":[481,431],"product_tag":[],"class_list":{"0":"post-13772","1":"product","2":"type-product","3":"status-publish","4":"has-post-thumbnail","6":"product_cat-hohenverstellbare-wartungsplattformen-2","7":"product_cat-hohenverstellbare-wartungsplattformen","9":"first","10":"instock","11":"shipping-taxable","12":"product-type-simple"},"_links":{"self":[{"href":"https:\/\/www.esla.eu\/de\/wp-json\/wp\/v2\/product\/13772","targetHints":{"allow":["GET"]}}],"collection":[{"href":"https:\/\/www.esla.eu\/de\/wp-json\/wp\/v2\/product"}],"about":[{"href":"https:\/\/www.esla.eu\/de\/wp-json\/wp\/v2\/types\/product"}],"wp:featuredmedia":[{"embeddable":true,"href":"https:\/\/www.esla.eu\/de\/wp-json\/wp\/v2\/media\/13778"}],"wp:attachment":[{"href":"https:\/\/www.esla.eu\/de\/wp-json\/wp\/v2\/media?parent=13772"}],"wp:term":[{"taxonomy":"product_brand","embeddable":true,"href":"https:\/\/www.esla.eu\/de\/wp-json\/wp\/v2\/product_brand?post=13772"},{"taxonomy":"product_cat","embeddable":true,"href":"https:\/\/www.esla.eu\/de\/wp-json\/wp\/v2\/product_cat?post=13772"},{"taxonomy":"product_tag","embeddable":true,"href":"https:\/\/www.esla.eu\/de\/wp-json\/wp\/v2\/product_tag?post=13772"}],"curies":[{"name":"wp","href":"https:\/\/api.w.org\/{rel}","templated":true}]}}