{"id":13782,"date":"2024-03-18T10:11:54","date_gmt":"2024-03-18T09:11:54","guid":{"rendered":"https:\/\/www.esla.eu\/productos\/unkategorisiert\/2001446-treppe-mit-hebebuehne\/"},"modified":"2026-01-30T18:41:12","modified_gmt":"2026-01-30T17:41:12","slug":"2001446-treppe-mit-hebebuehne","status":"publish","type":"product","link":"https:\/\/www.esla.eu\/de\/productos\/sonderloesungen\/hohenverstellbare-wartungsplattformen-2\/2001446-treppe-mit-hebebuehne\/","title":{"rendered":"2001446 \u2013 Treppe mit Hebeb\u00fchne"},"content":{"rendered":"<p>Aluminium-Hebeb\u00fchne f\u00fcr die Instandhaltung von Eisenbahnen<\/p>\n<p>&#8211; Manuelles Hebesystem mit Zahnstange und Kurbeln<\/p>\n<p>&#8211; Ausgestattet mit 4 Dreifachr\u00e4dern<\/p>\n<p>&#8211; Die Plattform besteht aus 3 Teilen<\/p>\n<p>1) Feste Zugangsleiter mit 60\u00b0 Neigung<\/p>\n<p>2) Erh\u00f6hbarer Teil der Stufen, die sich zusammenklappen und die Neigung w\u00e4hrend der Erh\u00f6hung korrigieren.<\/p>\n<p>3) Plattform, die sich auf und ab bewegt. Diese ist auch ausziehbar und hat ein klappbares vorderes Gel\u00e4nder, um Wartungsarbeiten zu erleichtern. <\/p>\n","protected":false},"excerpt":{"rendered":"<p>Aluminium-Hebeb\u00fchne f\u00fcr die Instandhaltung von Eisenbahnen &#8211; Manuelles Hebesystem mit Zahnstange und Kurbeln &#8211; Ausgestattet mit 4 Dreifachr\u00e4dern &#8211; Die Plattform besteht aus 3 Teilen 1) Feste Zugangsleiter mit 60\u00b0 Neigung 2) Erh\u00f6hbarer Teil der Stufen, die sich zusammenklappen und die Neigung w\u00e4hrend der Erh\u00f6hung korrigieren. 3) Plattform, die sich auf und ab bewegt. Diese [&hellip;]<\/p>\n","protected":false},"featured_media":13786,"template":"","meta":{"inline_featured_image":false},"product_brand":[],"product_cat":[431,481],"product_tag":[],"class_list":{"0":"post-13782","1":"product","2":"type-product","3":"status-publish","4":"has-post-thumbnail","6":"product_cat-hohenverstellbare-wartungsplattformen","7":"product_cat-hohenverstellbare-wartungsplattformen-2","9":"first","10":"instock","11":"shipping-taxable","12":"product-type-simple"},"_links":{"self":[{"href":"https:\/\/www.esla.eu\/de\/wp-json\/wp\/v2\/product\/13782","targetHints":{"allow":["GET"]}}],"collection":[{"href":"https:\/\/www.esla.eu\/de\/wp-json\/wp\/v2\/product"}],"about":[{"href":"https:\/\/www.esla.eu\/de\/wp-json\/wp\/v2\/types\/product"}],"wp:featuredmedia":[{"embeddable":true,"href":"https:\/\/www.esla.eu\/de\/wp-json\/wp\/v2\/media\/13786"}],"wp:attachment":[{"href":"https:\/\/www.esla.eu\/de\/wp-json\/wp\/v2\/media?parent=13782"}],"wp:term":[{"taxonomy":"product_brand","embeddable":true,"href":"https:\/\/www.esla.eu\/de\/wp-json\/wp\/v2\/product_brand?post=13782"},{"taxonomy":"product_cat","embeddable":true,"href":"https:\/\/www.esla.eu\/de\/wp-json\/wp\/v2\/product_cat?post=13782"},{"taxonomy":"product_tag","embeddable":true,"href":"https:\/\/www.esla.eu\/de\/wp-json\/wp\/v2\/product_tag?post=13782"}],"curies":[{"name":"wp","href":"https:\/\/api.w.org\/{rel}","templated":true}]}}