{"id":13790,"date":"2024-03-18T10:16:51","date_gmt":"2024-03-18T09:16:51","guid":{"rendered":"https:\/\/www.esla.eu\/productos\/unkategorisiert\/2000989-2001165-hebebuehne\/"},"modified":"2026-01-30T18:43:42","modified_gmt":"2026-01-30T17:43:42","slug":"2000989-2001165-hebebuehne","status":"publish","type":"product","link":"https:\/\/www.esla.eu\/de\/productos\/sonderloesungen\/hohenverstellbare-wartungsplattformen-2\/2000989-2001165-hebebuehne\/","title":{"rendered":"2000989-2001165 &#8211; Hebeb\u00fchne"},"content":{"rendered":"<p>Hochfahrbare Aluminiumplattform<\/p>\n<p>&#8211; Zahnstangen-Hubsystem mit manueller Bedienung<\/p>\n<p>&#8211; Zugang mit Parallelogrammleiter mit einstellbarer Neigungsanpassung<\/p>\n<p>&#8211; Seitlicher \u00dcberhang f\u00fcr den Zugang zum Zugdach<\/p>\n<p>&#8211; M\u00f6glichkeit, Gel\u00e4nder zum Schutz des Arbeitsbereichs auf dem Dach anzubringen<\/p>\n","protected":false},"excerpt":{"rendered":"<p>Hochfahrbare Aluminiumplattform &#8211; Zahnstangen-Hubsystem mit manueller Bedienung &#8211; Zugang mit Parallelogrammleiter mit einstellbarer Neigungsanpassung &#8211; Seitlicher \u00dcberhang f\u00fcr den Zugang zum Zugdach &#8211; M\u00f6glichkeit, Gel\u00e4nder zum Schutz des Arbeitsbereichs auf dem Dach anzubringen<\/p>\n","protected":false},"featured_media":13794,"template":"","meta":{"inline_featured_image":false},"product_brand":[],"product_cat":[431,481],"product_tag":[],"class_list":{"0":"post-13790","1":"product","2":"type-product","3":"status-publish","4":"has-post-thumbnail","6":"product_cat-hohenverstellbare-wartungsplattformen","7":"product_cat-hohenverstellbare-wartungsplattformen-2","9":"first","10":"instock","11":"shipping-taxable","12":"product-type-simple"},"_links":{"self":[{"href":"https:\/\/www.esla.eu\/de\/wp-json\/wp\/v2\/product\/13790","targetHints":{"allow":["GET"]}}],"collection":[{"href":"https:\/\/www.esla.eu\/de\/wp-json\/wp\/v2\/product"}],"about":[{"href":"https:\/\/www.esla.eu\/de\/wp-json\/wp\/v2\/types\/product"}],"wp:featuredmedia":[{"embeddable":true,"href":"https:\/\/www.esla.eu\/de\/wp-json\/wp\/v2\/media\/13794"}],"wp:attachment":[{"href":"https:\/\/www.esla.eu\/de\/wp-json\/wp\/v2\/media?parent=13790"}],"wp:term":[{"taxonomy":"product_brand","embeddable":true,"href":"https:\/\/www.esla.eu\/de\/wp-json\/wp\/v2\/product_brand?post=13790"},{"taxonomy":"product_cat","embeddable":true,"href":"https:\/\/www.esla.eu\/de\/wp-json\/wp\/v2\/product_cat?post=13790"},{"taxonomy":"product_tag","embeddable":true,"href":"https:\/\/www.esla.eu\/de\/wp-json\/wp\/v2\/product_tag?post=13790"}],"curies":[{"name":"wp","href":"https:\/\/api.w.org\/{rel}","templated":true}]}}