{"id":13826,"date":"2024-03-18T12:32:41","date_gmt":"2024-03-18T11:32:41","guid":{"rendered":"https:\/\/www.esla.eu\/productos\/unkategorisiert\/2010611-abschleppbare-doppelhubarbeitsbuehne-mit-zubehoer-fuer-den-kraftstofflieferanten\/"},"modified":"2024-03-18T12:32:41","modified_gmt":"2024-03-18T11:32:41","slug":"2010611-abschleppbare-doppelhubarbeitsbuehne-mit-zubehoer-fuer-den-kraftstofflieferanten","status":"publish","type":"product","link":"https:\/\/www.esla.eu\/de\/productos\/sonderloesungen\/hohenverstellbare-wartungsplattformen-2\/2010611-abschleppbare-doppelhubarbeitsbuehne-mit-zubehoer-fuer-den-kraftstofflieferanten\/","title":{"rendered":"2010611 &#8211; Abschleppbare Doppelhubarbeitsb\u00fchne mit Zubeh\u00f6r f\u00fcr den Kraftstofflieferanten"},"content":{"rendered":"<p>Diese Plattform umfasst einen verzinkten Rahmen, Gummif\u00fc\u00dfe, eine Zuggabel, eine Spinnrolle, einen Kopf, ein Postventil, einen flexiblen Schlauch, eine Erdungskabeltrommel, Luftreifen und ein starres Edelstahlrohr.<\/p>\n","protected":false},"excerpt":{"rendered":"<p>Diese Plattform umfasst einen verzinkten Rahmen, Gummif\u00fc\u00dfe, eine Zuggabel, eine Spinnrolle, einen Kopf, ein Postventil, einen flexiblen Schlauch, eine Erdungskabeltrommel, Luftreifen und ein starres Edelstahlrohr.<\/p>\n","protected":false},"featured_media":4077,"template":"","meta":{"inline_featured_image":false},"product_brand":[],"product_cat":[481],"product_tag":[],"class_list":{"0":"post-13826","1":"product","2":"type-product","3":"status-publish","4":"has-post-thumbnail","6":"product_cat-hohenverstellbare-wartungsplattformen-2","8":"first","9":"instock","10":"shipping-taxable","11":"product-type-simple"},"_links":{"self":[{"href":"https:\/\/www.esla.eu\/de\/wp-json\/wp\/v2\/product\/13826","targetHints":{"allow":["GET"]}}],"collection":[{"href":"https:\/\/www.esla.eu\/de\/wp-json\/wp\/v2\/product"}],"about":[{"href":"https:\/\/www.esla.eu\/de\/wp-json\/wp\/v2\/types\/product"}],"wp:featuredmedia":[{"embeddable":true,"href":"https:\/\/www.esla.eu\/de\/wp-json\/wp\/v2\/media\/4077"}],"wp:attachment":[{"href":"https:\/\/www.esla.eu\/de\/wp-json\/wp\/v2\/media?parent=13826"}],"wp:term":[{"taxonomy":"product_brand","embeddable":true,"href":"https:\/\/www.esla.eu\/de\/wp-json\/wp\/v2\/product_brand?post=13826"},{"taxonomy":"product_cat","embeddable":true,"href":"https:\/\/www.esla.eu\/de\/wp-json\/wp\/v2\/product_cat?post=13826"},{"taxonomy":"product_tag","embeddable":true,"href":"https:\/\/www.esla.eu\/de\/wp-json\/wp\/v2\/product_tag?post=13826"}],"curies":[{"name":"wp","href":"https:\/\/api.w.org\/{rel}","templated":true}]}}