{"id":13831,"date":"2024-03-18T12:12:44","date_gmt":"2024-03-18T11:12:44","guid":{"rendered":"https:\/\/www.esla.eu\/productos\/unkategorisiert\/2000000-modulares-system-von-vertikaltreppen-fuer-den-zugang-zu-silos\/"},"modified":"2024-03-18T12:12:44","modified_gmt":"2024-03-18T11:12:44","slug":"2000000-modulares-system-von-vertikaltreppen-fuer-den-zugang-zu-silos","status":"publish","type":"product","link":"https:\/\/www.esla.eu\/de\/productos\/sonderloesungen\/feste-plattformen-und-laufstege\/2000000-modulares-system-von-vertikaltreppen-fuer-den-zugang-zu-silos\/","title":{"rendered":"2000000 &#8211; Modulares System von Vertikaltreppen f\u00fcr den Zugang zu Silos"},"content":{"rendered":"<h2>Projektbeschreibung<\/h2>\n<p>Entwicklung eines modularen Systems von vertikalen Aluminiumleitern mit K\u00f6rben (Katze) f\u00fcr einen Hersteller von Silos, Lagerhallen und Tanks.<\/p>\n<h2>Details<\/h2>\n<ul>\n<li>Standardisiertes Produkt f\u00fcr A 14122.<\/li>\n<li>Jedes Modul enth\u00e4lt einen Treppenabschnitt, Ringe, Schutzb\u00fcgel, Verankerungen und Verbindungen sowie alle notwendigen Edelstahlschrauben.<\/li>\n<li>Es gibt 3 Arten von Modulen: Einstieg, Zwischenst\u00fcck und Ausstieg oder Beobachtung.<\/li>\n<\/ul>\n<h2>Kundenbed\u00fcrfnisse<\/h2>\n<ol>\n<li><strong>Standardisierung<\/strong>. Wir entwickeln verschiedene Module, die in Kombination miteinander alle H\u00f6hen der Silos unseres Kunden erreichen. <\/li>\n<li><strong>Preis<\/strong>. Der Kunde erh\u00e4lt einen Preis f\u00fcr jeden der Silos, wodurch er die Kosten in seine Preisliste integrieren kann. <\/li>\n<li><strong>Service<\/strong>. Wir haben das Produkt auf Lager, so dass wir beiBestelleingang nur alle Teile der verschiedenen Module, aus denen das Silo besteht, vorbereiten und das Material in 2 Wochen eintrifft. Der Vorteil ist, dass der Kunde die Bestellung nach Erhalt mit Packliste und Montageplan direkt an den Standort schicken kann.  <\/li>\n<\/ol>\n","protected":false},"excerpt":{"rendered":"<p>Projektbeschreibung Entwicklung eines modularen Systems von vertikalen Aluminiumleitern mit K\u00f6rben (Katze) f\u00fcr einen Hersteller von Silos, Lagerhallen und Tanks. Details Standardisiertes Produkt f\u00fcr A 14122. Jedes Modul enth\u00e4lt einen Treppenabschnitt, Ringe, Schutzb\u00fcgel, Verankerungen und Verbindungen sowie alle notwendigen Edelstahlschrauben. Es gibt 3 Arten von Modulen: Einstieg, Zwischenst\u00fcck und Ausstieg oder Beobachtung. Kundenbed\u00fcrfnisse Standardisierung. Wir entwickeln [&hellip;]<\/p>\n","protected":false},"featured_media":4007,"template":"","meta":{"inline_featured_image":false},"product_brand":[],"product_cat":[482],"product_tag":[],"class_list":{"0":"post-13831","1":"product","2":"type-product","3":"status-publish","4":"has-post-thumbnail","6":"product_cat-feste-plattformen-und-laufstege","8":"first","9":"instock","10":"shipping-taxable","11":"product-type-simple"},"_links":{"self":[{"href":"https:\/\/www.esla.eu\/de\/wp-json\/wp\/v2\/product\/13831","targetHints":{"allow":["GET"]}}],"collection":[{"href":"https:\/\/www.esla.eu\/de\/wp-json\/wp\/v2\/product"}],"about":[{"href":"https:\/\/www.esla.eu\/de\/wp-json\/wp\/v2\/types\/product"}],"wp:featuredmedia":[{"embeddable":true,"href":"https:\/\/www.esla.eu\/de\/wp-json\/wp\/v2\/media\/4007"}],"wp:attachment":[{"href":"https:\/\/www.esla.eu\/de\/wp-json\/wp\/v2\/media?parent=13831"}],"wp:term":[{"taxonomy":"product_brand","embeddable":true,"href":"https:\/\/www.esla.eu\/de\/wp-json\/wp\/v2\/product_brand?post=13831"},{"taxonomy":"product_cat","embeddable":true,"href":"https:\/\/www.esla.eu\/de\/wp-json\/wp\/v2\/product_cat?post=13831"},{"taxonomy":"product_tag","embeddable":true,"href":"https:\/\/www.esla.eu\/de\/wp-json\/wp\/v2\/product_tag?post=13831"}],"curies":[{"name":"wp","href":"https:\/\/api.w.org\/{rel}","templated":true}]}}