{"id":13836,"date":"2024-03-18T12:17:17","date_gmt":"2024-03-18T11:17:17","guid":{"rendered":"https:\/\/www.esla.eu\/productos\/unkategorisiert\/2000000-aluminium-laufsteg-mit-maschinenzugangsplattformen-und-treppen\/"},"modified":"2026-01-29T20:41:21","modified_gmt":"2026-01-29T19:41:21","slug":"2000000-aluminium-laufsteg-mit-maschinenzugangsplattformen-und-treppen","status":"publish","type":"product","link":"https:\/\/www.esla.eu\/de\/productos\/sonderloesungen\/feste-plattformen-und-laufstege\/2000000-aluminium-laufsteg-mit-maschinenzugangsplattformen-und-treppen\/","title":{"rendered":"2000000 \u2013 Aluminium-Laufsteg mit Maschinenzugangsplattformen und Treppen"},"content":{"rendered":"<h2>Projektbeschreibung<\/h2>\n<p>Aluminium-Laufsteg mit Zugangstreppen und Handl\u00e4ufen f\u00fcr die Maschinenwartung.<\/p>\n<h2>Details<\/h2>\n<ul>\n<li>Modulares Gel\u00e4nder um den gesamten Au\u00dfenumfang, um das Risiko von St\u00fcrzen zu vermeiden.<\/li>\n<li>Mobile Zugangsleiter f\u00fcr die Wartung. Ausgestattet mit doppeltem Handlauf, 4 R\u00e4dern mit Doppelstabilisator und vorderen Sicherheitsketten. <\/li>\n<li>Spezieller Hocker f\u00fcr den Zugang zum Bedienfeld.<\/li>\n<li>Feste 60\u00b0-Leiter f\u00fcr den Zugang zum Maschinenboden, mit doppelter Plattform und Rechtskurve.<\/li>\n<li>Senkrechte Leiter mit R\u00fcckenschutzringen f\u00fcr den Zugang zum oberen Teil der Maschine.<\/li>\n<\/ul>\n<h2>Kundenbed\u00fcrfnisse<\/h2>\n<ol>\n<li><strong>Standardisierung<\/strong>. Ziel ist es, die spezifischen Bed\u00fcrfnisse des Kunden zu ber\u00fccksichtigen und diese besonderen Bedingungen in ein referenziertes Standardproduktionsmodell umzuwandeln. <\/li>\n<li><strong>Preis<\/strong>. Unser Produkt wird f\u00fcr den Kunden zu einem Verbrauchsmaterial und somit Teil seiner direkten Kostenstruktur. Gemeinsam analysieren wir alle M\u00f6glichkeiten, um einen wettbewerbsf\u00e4higen Preis zu erzielen.  <\/li>\n<li><strong>Service<\/strong>. Das Produkt ist referenziert, sodass der Kunde seine Einkaufsverwaltung zu den vereinbarten Zeiten planen kann.<\/li>\n<\/ol>\n","protected":false},"excerpt":{"rendered":"<p>Projektbeschreibung Aluminium-Laufsteg mit Zugangstreppen und Handl\u00e4ufen f\u00fcr die Maschinenwartung. Details Modulares Gel\u00e4nder um den gesamten Au\u00dfenumfang, um das Risiko von St\u00fcrzen zu vermeiden. Mobile Zugangsleiter f\u00fcr die Wartung. Ausgestattet mit doppeltem Handlauf, 4 R\u00e4dern mit Doppelstabilisator und vorderen Sicherheitsketten. Spezieller Hocker f\u00fcr den Zugang zum Bedienfeld. Feste 60\u00b0-Leiter f\u00fcr den Zugang zum Maschinenboden, mit doppelter [&hellip;]<\/p>\n","protected":false},"featured_media":13843,"template":"","meta":{"inline_featured_image":false},"product_brand":[],"product_cat":[482],"product_tag":[],"class_list":{"0":"post-13836","1":"product","2":"type-product","3":"status-publish","4":"has-post-thumbnail","6":"product_cat-feste-plattformen-und-laufstege","8":"first","9":"instock","10":"shipping-taxable","11":"product-type-simple"},"_links":{"self":[{"href":"https:\/\/www.esla.eu\/de\/wp-json\/wp\/v2\/product\/13836","targetHints":{"allow":["GET"]}}],"collection":[{"href":"https:\/\/www.esla.eu\/de\/wp-json\/wp\/v2\/product"}],"about":[{"href":"https:\/\/www.esla.eu\/de\/wp-json\/wp\/v2\/types\/product"}],"wp:featuredmedia":[{"embeddable":true,"href":"https:\/\/www.esla.eu\/de\/wp-json\/wp\/v2\/media\/13843"}],"wp:attachment":[{"href":"https:\/\/www.esla.eu\/de\/wp-json\/wp\/v2\/media?parent=13836"}],"wp:term":[{"taxonomy":"product_brand","embeddable":true,"href":"https:\/\/www.esla.eu\/de\/wp-json\/wp\/v2\/product_brand?post=13836"},{"taxonomy":"product_cat","embeddable":true,"href":"https:\/\/www.esla.eu\/de\/wp-json\/wp\/v2\/product_cat?post=13836"},{"taxonomy":"product_tag","embeddable":true,"href":"https:\/\/www.esla.eu\/de\/wp-json\/wp\/v2\/product_tag?post=13836"}],"curies":[{"name":"wp","href":"https:\/\/api.w.org\/{rel}","templated":true}]}}