{"id":13849,"date":"2024-03-18T11:59:17","date_gmt":"2024-03-18T10:59:17","guid":{"rendered":"https:\/\/www.esla.eu\/productos\/unkategorisiert\/2001394-feste-zugangs-arbeitsbuehne\/"},"modified":"2026-01-30T10:27:50","modified_gmt":"2026-01-30T09:27:50","slug":"2001394-feste-zugangs-arbeitsbuehne","status":"publish","type":"product","link":"https:\/\/www.esla.eu\/de\/productos\/sonderloesungen\/feste-plattformen-und-laufstege\/2001394-feste-zugangs-arbeitsbuehne\/","title":{"rendered":"2001394 &#8211; Feste Zugangs-Arbeitsb\u00fchne"},"content":{"rendered":"<p>Feste Arbeitsb\u00fchne aus Aluminium und Fiber Tramex f\u00fcr Maschinenzugang<\/p>\n","protected":false},"excerpt":{"rendered":"<p>Feste Arbeitsb\u00fchne aus Aluminium und Fiber Tramex f\u00fcr Maschinenzugang<\/p>\n","protected":false},"featured_media":13852,"template":"","meta":{"inline_featured_image":false},"product_brand":[],"product_cat":[482],"product_tag":[],"class_list":{"0":"post-13849","1":"product","2":"type-product","3":"status-publish","4":"has-post-thumbnail","6":"product_cat-feste-plattformen-und-laufstege","8":"first","9":"instock","10":"shipping-taxable","11":"product-type-simple"},"_links":{"self":[{"href":"https:\/\/www.esla.eu\/de\/wp-json\/wp\/v2\/product\/13849","targetHints":{"allow":["GET"]}}],"collection":[{"href":"https:\/\/www.esla.eu\/de\/wp-json\/wp\/v2\/product"}],"about":[{"href":"https:\/\/www.esla.eu\/de\/wp-json\/wp\/v2\/types\/product"}],"wp:featuredmedia":[{"embeddable":true,"href":"https:\/\/www.esla.eu\/de\/wp-json\/wp\/v2\/media\/13852"}],"wp:attachment":[{"href":"https:\/\/www.esla.eu\/de\/wp-json\/wp\/v2\/media?parent=13849"}],"wp:term":[{"taxonomy":"product_brand","embeddable":true,"href":"https:\/\/www.esla.eu\/de\/wp-json\/wp\/v2\/product_brand?post=13849"},{"taxonomy":"product_cat","embeddable":true,"href":"https:\/\/www.esla.eu\/de\/wp-json\/wp\/v2\/product_cat?post=13849"},{"taxonomy":"product_tag","embeddable":true,"href":"https:\/\/www.esla.eu\/de\/wp-json\/wp\/v2\/product_tag?post=13849"}],"curies":[{"name":"wp","href":"https:\/\/api.w.org\/{rel}","templated":true}]}}