{"id":13863,"date":"2024-03-18T12:11:06","date_gmt":"2024-03-18T11:11:06","guid":{"rendered":"https:\/\/www.esla.eu\/productos\/unkategorisiert\/71020-klapptritt-en14183\/"},"modified":"2026-01-30T10:21:38","modified_gmt":"2026-01-30T09:21:38","slug":"71020-klapptritt-en14183","status":"publish","type":"product","link":"https:\/\/www.esla.eu\/de\/productos\/tragbare-leitern\/71020-klapptritt-en14183\/","title":{"rendered":"71020 &#8211; Klapptritt EN14183"},"content":{"rendered":"<p><strong>Besondere Merkmale<\/strong><\/p>\n<p>Ungef\u00e4hre maximale Arbeitsh\u00f6he (m): 2,34<\/p>\n<p>Neigung \u00b0: 68<\/p>\n<p>Sprosse (mm): 80<\/p>\n<p>Sprossenabstand (mm): 210<\/p>\n<p><strong>Weitere Details<\/strong><\/p>\n<p>Besonders geeignet f\u00fcr den Einsatz in Lagerhallen oder bei Wartungsarbeiten.<\/p>\n<p>Hohe Stabilit\u00e4t dank der Schwei\u00dfverbindung zwischen Holmen und Stufen.<\/p>\n<p>Solide Plattform aus Gussmaterial mit einer Oberfl\u00e4che von 400&#215;300 mm.<\/p>\n<p>Starre Strebe gegen unbeabsichtigtes Schlie\u00dfen.<\/p>\n<p>Zusammengeklappt ben\u00f6tigt sie sehr wenig Platz.<\/p>\n","protected":false},"excerpt":{"rendered":"<p>Besondere Merkmale Ungef\u00e4hre maximale Arbeitsh\u00f6he (m): 2,34 Neigung \u00b0: 68 Sprosse (mm): 80 Sprossenabstand (mm): 210 Weitere Details Besonders geeignet f\u00fcr den Einsatz in Lagerhallen oder bei Wartungsarbeiten. Hohe Stabilit\u00e4t dank der Schwei\u00dfverbindung zwischen Holmen und Stufen. Solide Plattform aus Gussmaterial mit einer Oberfl\u00e4che von 400&#215;300 mm. Starre Strebe gegen unbeabsichtigtes Schlie\u00dfen. Zusammengeklappt ben\u00f6tigt sie [&hellip;]<\/p>\n","protected":false},"featured_media":13871,"template":"","meta":{"inline_featured_image":false},"product_brand":[],"product_cat":[480],"product_tag":[],"class_list":{"0":"post-13863","1":"product","2":"type-product","3":"status-publish","4":"has-post-thumbnail","6":"product_cat-tragbare-leitern","8":"first","9":"instock","10":"shipping-taxable","11":"purchasable","12":"product-type-simple"},"_links":{"self":[{"href":"https:\/\/www.esla.eu\/de\/wp-json\/wp\/v2\/product\/13863","targetHints":{"allow":["GET"]}}],"collection":[{"href":"https:\/\/www.esla.eu\/de\/wp-json\/wp\/v2\/product"}],"about":[{"href":"https:\/\/www.esla.eu\/de\/wp-json\/wp\/v2\/types\/product"}],"wp:featuredmedia":[{"embeddable":true,"href":"https:\/\/www.esla.eu\/de\/wp-json\/wp\/v2\/media\/13871"}],"wp:attachment":[{"href":"https:\/\/www.esla.eu\/de\/wp-json\/wp\/v2\/media?parent=13863"}],"wp:term":[{"taxonomy":"product_brand","embeddable":true,"href":"https:\/\/www.esla.eu\/de\/wp-json\/wp\/v2\/product_brand?post=13863"},{"taxonomy":"product_cat","embeddable":true,"href":"https:\/\/www.esla.eu\/de\/wp-json\/wp\/v2\/product_cat?post=13863"},{"taxonomy":"product_tag","embeddable":true,"href":"https:\/\/www.esla.eu\/de\/wp-json\/wp\/v2\/product_tag?post=13863"}],"curies":[{"name":"wp","href":"https:\/\/api.w.org\/{rel}","templated":true}]}}