{"id":13886,"date":"2024-03-18T11:57:50","date_gmt":"2024-03-18T10:57:50","guid":{"rendered":"https:\/\/www.esla.eu\/productos\/unkategorisiert\/2001422-feste-plattform-mit-vertikaler-zugangsleiter\/"},"modified":"2026-01-30T10:29:04","modified_gmt":"2026-01-30T09:29:04","slug":"2001422-feste-plattform-mit-vertikaler-zugangsleiter","status":"publish","type":"product","link":"https:\/\/www.esla.eu\/de\/productos\/sonderloesungen\/feste-plattformen-und-laufstege\/2001422-feste-plattform-mit-vertikaler-zugangsleiter\/","title":{"rendered":"2001422 \u2013 Feste Plattform mit vertikaler Zugangsleiter"},"content":{"rendered":"<p>Feste Plattform mit vertikalem Zugang<\/p>\n<p>\u2013 Gro\u00dfe Plattform 1830 x 2995 mm<\/p>\n<p>\u2013 H\u00f6he 3119 mm<\/p>\n<p>\u2013 Die Plattformoberfl\u00e4chen sind aus Holz gefertigt<\/p>\n<p>\u2013 Handl\u00e4ufe mit verschiedenen Ma\u00dfen zur Anpassung an den Arbeitsbereich und Fu\u00dfleisten um den Umfang<\/p>\n<p>\u2013 Zugangsleiter mit Schutzringen.<\/p>\n<p>&#8211; Installation durch unsere Monteure<\/p>\n","protected":false},"excerpt":{"rendered":"<p>Feste Plattform mit vertikalem Zugang \u2013 Gro\u00dfe Plattform 1830 x 2995 mm \u2013 H\u00f6he 3119 mm \u2013 Die Plattformoberfl\u00e4chen sind aus Holz gefertigt \u2013 Handl\u00e4ufe mit verschiedenen Ma\u00dfen zur Anpassung an den Arbeitsbereich und Fu\u00dfleisten um den Umfang \u2013 Zugangsleiter mit Schutzringen. &#8211; Installation durch unsere Monteure<\/p>\n","protected":false},"featured_media":13889,"template":"","meta":{"inline_featured_image":false},"product_brand":[],"product_cat":[482],"product_tag":[],"class_list":{"0":"post-13886","1":"product","2":"type-product","3":"status-publish","4":"has-post-thumbnail","6":"product_cat-feste-plattformen-und-laufstege","8":"first","9":"instock","10":"shipping-taxable","11":"product-type-simple"},"_links":{"self":[{"href":"https:\/\/www.esla.eu\/de\/wp-json\/wp\/v2\/product\/13886","targetHints":{"allow":["GET"]}}],"collection":[{"href":"https:\/\/www.esla.eu\/de\/wp-json\/wp\/v2\/product"}],"about":[{"href":"https:\/\/www.esla.eu\/de\/wp-json\/wp\/v2\/types\/product"}],"wp:featuredmedia":[{"embeddable":true,"href":"https:\/\/www.esla.eu\/de\/wp-json\/wp\/v2\/media\/13889"}],"wp:attachment":[{"href":"https:\/\/www.esla.eu\/de\/wp-json\/wp\/v2\/media?parent=13886"}],"wp:term":[{"taxonomy":"product_brand","embeddable":true,"href":"https:\/\/www.esla.eu\/de\/wp-json\/wp\/v2\/product_brand?post=13886"},{"taxonomy":"product_cat","embeddable":true,"href":"https:\/\/www.esla.eu\/de\/wp-json\/wp\/v2\/product_cat?post=13886"},{"taxonomy":"product_tag","embeddable":true,"href":"https:\/\/www.esla.eu\/de\/wp-json\/wp\/v2\/product_tag?post=13886"}],"curies":[{"name":"wp","href":"https:\/\/api.w.org\/{rel}","templated":true}]}}