{"id":13900,"date":"2024-03-18T11:45:51","date_gmt":"2024-03-18T10:45:51","guid":{"rendered":"https:\/\/www.esla.eu\/productos\/unkategorisiert\/2001545-feste-plattform-fuer-die-flugzeugtriebwerkswartung\/"},"modified":"2026-01-30T10:38:44","modified_gmt":"2026-01-30T09:38:44","slug":"2001545-feste-plattform-fuer-die-flugzeugtriebwerkswartung","status":"publish","type":"product","link":"https:\/\/www.esla.eu\/de\/productos\/sonderloesungen\/feste-plattformen-und-laufstege\/2001545-feste-plattform-fuer-die-flugzeugtriebwerkswartung\/","title":{"rendered":"2001545 &#8211; Feste Plattform f\u00fcr die Flugzeugtriebwerkswartung"},"content":{"rendered":"<p>-45\u00b0-Zugangsleiter<\/p>\n<p>-Schutzgel\u00e4nder<\/p>\n<p>-L-f\u00f6rmige Plattform<\/p>\n<p>-Erm\u00f6glicht Ihnen das Arbeiten in einer H\u00f6he von 0,8 Metern<\/p>\n","protected":false},"excerpt":{"rendered":"<p>-45\u00b0-Zugangsleiter -Schutzgel\u00e4nder -L-f\u00f6rmige Plattform -Erm\u00f6glicht Ihnen das Arbeiten in einer H\u00f6he von 0,8 Metern<\/p>\n","protected":false},"featured_media":13902,"template":"","meta":{"inline_featured_image":false},"product_brand":[],"product_cat":[482],"product_tag":[],"class_list":{"0":"post-13900","1":"product","2":"type-product","3":"status-publish","4":"has-post-thumbnail","6":"product_cat-feste-plattformen-und-laufstege","8":"first","9":"instock","10":"shipping-taxable","11":"product-type-simple"},"_links":{"self":[{"href":"https:\/\/www.esla.eu\/de\/wp-json\/wp\/v2\/product\/13900","targetHints":{"allow":["GET"]}}],"collection":[{"href":"https:\/\/www.esla.eu\/de\/wp-json\/wp\/v2\/product"}],"about":[{"href":"https:\/\/www.esla.eu\/de\/wp-json\/wp\/v2\/types\/product"}],"wp:featuredmedia":[{"embeddable":true,"href":"https:\/\/www.esla.eu\/de\/wp-json\/wp\/v2\/media\/13902"}],"wp:attachment":[{"href":"https:\/\/www.esla.eu\/de\/wp-json\/wp\/v2\/media?parent=13900"}],"wp:term":[{"taxonomy":"product_brand","embeddable":true,"href":"https:\/\/www.esla.eu\/de\/wp-json\/wp\/v2\/product_brand?post=13900"},{"taxonomy":"product_cat","embeddable":true,"href":"https:\/\/www.esla.eu\/de\/wp-json\/wp\/v2\/product_cat?post=13900"},{"taxonomy":"product_tag","embeddable":true,"href":"https:\/\/www.esla.eu\/de\/wp-json\/wp\/v2\/product_tag?post=13900"}],"curies":[{"name":"wp","href":"https:\/\/api.w.org\/{rel}","templated":true}]}}