{"id":13956,"date":"2024-03-18T11:40:56","date_gmt":"2024-03-18T10:40:56","guid":{"rendered":"https:\/\/www.esla.eu\/productos\/unkategorisiert\/2001533-feste-aluminiumplattform-fuer-wartungsarbeiten\/"},"modified":"2026-01-30T10:44:30","modified_gmt":"2026-01-30T09:44:30","slug":"2001533-feste-aluminiumplattform-fuer-wartungsarbeiten","status":"publish","type":"product","link":"https:\/\/www.esla.eu\/de\/productos\/sonderloesungen\/feste-plattformen-und-laufstege\/2001533-feste-aluminiumplattform-fuer-wartungsarbeiten\/","title":{"rendered":"2001533 &#8211; Feste Aluminiumplattform f\u00fcr Wartungsarbeiten"},"content":{"rendered":"<p>&#8211; Entwickelt f\u00fcr die Durchf\u00fchrung von Wartungsarbeiten in der H\u00f6he<\/p>\n<p>&#8211; Feste Struktur, die in die Maschine integriert ist<\/p>\n<p>&#8211; Schutzgel\u00e4nder<\/p>\n<p>&#8211; Vertikale Leiter f\u00fcr den Zugang zur Plattform<\/p>\n<p>&#8211; Zugangsluke zur Verbesserung der Sicherheit<\/p>\n","protected":false},"excerpt":{"rendered":"<p>&#8211; Entwickelt f\u00fcr die Durchf\u00fchrung von Wartungsarbeiten in der H\u00f6he &#8211; Feste Struktur, die in die Maschine integriert ist &#8211; Schutzgel\u00e4nder &#8211; Vertikale Leiter f\u00fcr den Zugang zur Plattform &#8211; Zugangsluke zur Verbesserung der Sicherheit<\/p>\n","protected":false},"featured_media":13958,"template":"","meta":{"inline_featured_image":false},"product_brand":[],"product_cat":[482],"product_tag":[],"class_list":{"0":"post-13956","1":"product","2":"type-product","3":"status-publish","4":"has-post-thumbnail","6":"product_cat-feste-plattformen-und-laufstege","8":"first","9":"instock","10":"shipping-taxable","11":"product-type-simple"},"_links":{"self":[{"href":"https:\/\/www.esla.eu\/de\/wp-json\/wp\/v2\/product\/13956","targetHints":{"allow":["GET"]}}],"collection":[{"href":"https:\/\/www.esla.eu\/de\/wp-json\/wp\/v2\/product"}],"about":[{"href":"https:\/\/www.esla.eu\/de\/wp-json\/wp\/v2\/types\/product"}],"wp:featuredmedia":[{"embeddable":true,"href":"https:\/\/www.esla.eu\/de\/wp-json\/wp\/v2\/media\/13958"}],"wp:attachment":[{"href":"https:\/\/www.esla.eu\/de\/wp-json\/wp\/v2\/media?parent=13956"}],"wp:term":[{"taxonomy":"product_brand","embeddable":true,"href":"https:\/\/www.esla.eu\/de\/wp-json\/wp\/v2\/product_brand?post=13956"},{"taxonomy":"product_cat","embeddable":true,"href":"https:\/\/www.esla.eu\/de\/wp-json\/wp\/v2\/product_cat?post=13956"},{"taxonomy":"product_tag","embeddable":true,"href":"https:\/\/www.esla.eu\/de\/wp-json\/wp\/v2\/product_tag?post=13956"}],"curies":[{"name":"wp","href":"https:\/\/api.w.org\/{rel}","templated":true}]}}