{"id":13998,"date":"2024-03-18T11:38:45","date_gmt":"2024-03-18T10:38:45","guid":{"rendered":"https:\/\/www.esla.eu\/productos\/unkategorisiert\/8483-scherenleiter-mit-grosser-plattform-en131-1-2\/"},"modified":"2026-01-30T10:47:25","modified_gmt":"2026-01-30T09:47:25","slug":"8483-scherenleiter-mit-grosser-plattform-en131-1-2","status":"publish","type":"product","link":"https:\/\/www.esla.eu\/de\/productos\/tragbare-leitern\/8483-scherenleiter-mit-grosser-plattform-en131-1-2\/","title":{"rendered":"8483 \u2013 Scherenleiter mit gro\u00dfer Plattform EN131.1-2"},"content":{"rendered":"<p><strong>Besondere Merkmale<\/strong><\/p>\n<p>Ungef\u00e4hre maximale Arbeitsh\u00f6he (m): 3,36<\/p>\n<p>Neigung \u00b0: 68<\/p>\n<p>Sprosse (mm): 50<\/p>\n<p>Sprossenabstand (mm): 250<\/p>\n<p><strong>Weitere Details<\/strong><\/p>\n<p>Stabile Abst\u00fctzung dank des stufenlos verstellbaren Stabilisators (ab Gr\u00f6\u00dfe 4).<\/p>\n<p>Funktionelle Ablageschale mit der M\u00f6glichkeit der Montage in zwei H\u00f6hen.<\/p>\n<p>Ger\u00e4umige Plattform von 600 \u00d7 425 mm.<\/p>\n<p>Komfortables Verfahren dank der Kipprollen<\/p>\n","protected":false},"excerpt":{"rendered":"<p>Besondere Merkmale Ungef\u00e4hre maximale Arbeitsh\u00f6he (m): 3,36 Neigung \u00b0: 68 Sprosse (mm): 50 Sprossenabstand (mm): 250 Weitere Details Stabile Abst\u00fctzung dank des stufenlos verstellbaren Stabilisators (ab Gr\u00f6\u00dfe 4). Funktionelle Ablageschale mit der M\u00f6glichkeit der Montage in zwei H\u00f6hen. Ger\u00e4umige Plattform von 600 \u00d7 425 mm. Komfortables Verfahren dank der Kipprollen<\/p>\n","protected":false},"featured_media":14005,"template":"","meta":{"inline_featured_image":false},"product_brand":[],"product_cat":[480],"product_tag":[],"class_list":{"0":"post-13998","1":"product","2":"type-product","3":"status-publish","4":"has-post-thumbnail","6":"product_cat-tragbare-leitern","8":"first","9":"instock","10":"shipping-taxable","11":"purchasable","12":"product-type-simple"},"_links":{"self":[{"href":"https:\/\/www.esla.eu\/de\/wp-json\/wp\/v2\/product\/13998","targetHints":{"allow":["GET"]}}],"collection":[{"href":"https:\/\/www.esla.eu\/de\/wp-json\/wp\/v2\/product"}],"about":[{"href":"https:\/\/www.esla.eu\/de\/wp-json\/wp\/v2\/types\/product"}],"wp:featuredmedia":[{"embeddable":true,"href":"https:\/\/www.esla.eu\/de\/wp-json\/wp\/v2\/media\/14005"}],"wp:attachment":[{"href":"https:\/\/www.esla.eu\/de\/wp-json\/wp\/v2\/media?parent=13998"}],"wp:term":[{"taxonomy":"product_brand","embeddable":true,"href":"https:\/\/www.esla.eu\/de\/wp-json\/wp\/v2\/product_brand?post=13998"},{"taxonomy":"product_cat","embeddable":true,"href":"https:\/\/www.esla.eu\/de\/wp-json\/wp\/v2\/product_cat?post=13998"},{"taxonomy":"product_tag","embeddable":true,"href":"https:\/\/www.esla.eu\/de\/wp-json\/wp\/v2\/product_tag?post=13998"}],"curies":[{"name":"wp","href":"https:\/\/api.w.org\/{rel}","templated":true}]}}