{"id":14019,"date":"2024-04-02T08:47:01","date_gmt":"2024-04-02T06:47:01","guid":{"rendered":"https:\/\/www.esla.eu\/productos\/unkategorisiert\/54835-haengeset-geeignet-fuer-30-60-100-mm-haengehaken\/"},"modified":"2024-04-02T08:47:01","modified_gmt":"2024-04-02T06:47:01","slug":"54835-haengeset-geeignet-fuer-30-60-100-mm-haengehaken","status":"publish","type":"product","link":"https:\/\/www.esla.eu\/de\/productos\/zubehoer\/erganzungen\/54835-haengeset-geeignet-fuer-30-60-100-mm-haengehaken\/","title":{"rendered":"54835 &#8211; H\u00e4ngeset &#8211; Geeignet f\u00fcr 30-60-100 mm H\u00e4ngehaken"},"content":{"rendered":"<p>H\u00e4ngespiel<\/p>\n<p>Geeignet f\u00fcr H\u00e4ngehaken 30-60-100 mm<\/p>\n<p>Befestigungsplatte 93 mm<\/p>\n","protected":false},"excerpt":{"rendered":"<p>H\u00e4ngespiel Geeignet f\u00fcr H\u00e4ngehaken 30-60-100 mm Befestigungsplatte 93 mm<\/p>\n","protected":false},"featured_media":5083,"template":"","meta":{"inline_featured_image":false},"product_brand":[],"product_cat":[476],"product_tag":[],"class_list":{"0":"post-14019","1":"product","2":"type-product","3":"status-publish","4":"has-post-thumbnail","6":"product_cat-erganzungen","8":"first","9":"instock","10":"shipping-taxable","11":"product-type-simple"},"_links":{"self":[{"href":"https:\/\/www.esla.eu\/de\/wp-json\/wp\/v2\/product\/14019","targetHints":{"allow":["GET"]}}],"collection":[{"href":"https:\/\/www.esla.eu\/de\/wp-json\/wp\/v2\/product"}],"about":[{"href":"https:\/\/www.esla.eu\/de\/wp-json\/wp\/v2\/types\/product"}],"wp:featuredmedia":[{"embeddable":true,"href":"https:\/\/www.esla.eu\/de\/wp-json\/wp\/v2\/media\/5083"}],"wp:attachment":[{"href":"https:\/\/www.esla.eu\/de\/wp-json\/wp\/v2\/media?parent=14019"}],"wp:term":[{"taxonomy":"product_brand","embeddable":true,"href":"https:\/\/www.esla.eu\/de\/wp-json\/wp\/v2\/product_brand?post=14019"},{"taxonomy":"product_cat","embeddable":true,"href":"https:\/\/www.esla.eu\/de\/wp-json\/wp\/v2\/product_cat?post=14019"},{"taxonomy":"product_tag","embeddable":true,"href":"https:\/\/www.esla.eu\/de\/wp-json\/wp\/v2\/product_tag?post=14019"}],"curies":[{"name":"wp","href":"https:\/\/api.w.org\/{rel}","templated":true}]}}