{"id":14050,"date":"2024-03-18T10:18:50","date_gmt":"2024-03-18T09:18:50","guid":{"rendered":"https:\/\/www.esla.eu\/productos\/unkategorisiert\/2001525-mobile-hebebuehne-mit-vertikalem-leiteraufstieg\/"},"modified":"2026-01-30T18:39:28","modified_gmt":"2026-01-30T17:39:28","slug":"2001525-mobile-hebebuehne-mit-vertikalem-leiteraufstieg","status":"publish","type":"product","link":"https:\/\/www.esla.eu\/de\/productos\/sonderloesungen\/hohenverstellbare-wartungsplattformen-2\/2001525-mobile-hebebuehne-mit-vertikalem-leiteraufstieg\/","title":{"rendered":"2001525 &#8211; Mobile Hebeb\u00fchne mit vertikalem Leiteraufstieg"},"content":{"rendered":"<p>Mobile Aluminium-Hebeb\u00fchne f\u00fcr die Wartung von LKW-Kabinen<\/p>\n<p>&#8211; Zugang mit vertikaler Leiter<\/p>\n<p>&#8211; Manuelles Hebesystem mit Rei\u00dfverschluss<\/p>\n<p>&#8211; Durchgangsluke<\/p>\n","protected":false},"excerpt":{"rendered":"<p>Mobile Aluminium-Hebeb\u00fchne f\u00fcr die Wartung von LKW-Kabinen &#8211; Zugang mit vertikaler Leiter &#8211; Manuelles Hebesystem mit Rei\u00dfverschluss &#8211; Durchgangsluke<\/p>\n","protected":false},"featured_media":14052,"template":"","meta":{"inline_featured_image":false},"product_brand":[],"product_cat":[431,481],"product_tag":[],"class_list":{"0":"post-14050","1":"product","2":"type-product","3":"status-publish","4":"has-post-thumbnail","6":"product_cat-hohenverstellbare-wartungsplattformen","7":"product_cat-hohenverstellbare-wartungsplattformen-2","9":"first","10":"instock","11":"shipping-taxable","12":"product-type-simple"},"_links":{"self":[{"href":"https:\/\/www.esla.eu\/de\/wp-json\/wp\/v2\/product\/14050","targetHints":{"allow":["GET"]}}],"collection":[{"href":"https:\/\/www.esla.eu\/de\/wp-json\/wp\/v2\/product"}],"about":[{"href":"https:\/\/www.esla.eu\/de\/wp-json\/wp\/v2\/types\/product"}],"wp:featuredmedia":[{"embeddable":true,"href":"https:\/\/www.esla.eu\/de\/wp-json\/wp\/v2\/media\/14052"}],"wp:attachment":[{"href":"https:\/\/www.esla.eu\/de\/wp-json\/wp\/v2\/media?parent=14050"}],"wp:term":[{"taxonomy":"product_brand","embeddable":true,"href":"https:\/\/www.esla.eu\/de\/wp-json\/wp\/v2\/product_brand?post=14050"},{"taxonomy":"product_cat","embeddable":true,"href":"https:\/\/www.esla.eu\/de\/wp-json\/wp\/v2\/product_cat?post=14050"},{"taxonomy":"product_tag","embeddable":true,"href":"https:\/\/www.esla.eu\/de\/wp-json\/wp\/v2\/product_tag?post=14050"}],"curies":[{"name":"wp","href":"https:\/\/api.w.org\/{rel}","templated":true}]}}