{"id":14056,"date":"2024-03-18T10:21:27","date_gmt":"2024-03-18T09:21:27","guid":{"rendered":"https:\/\/www.esla.eu\/productos\/unkategorisiert\/2001479-mobile-hebebuehne-mit-spezialraedern-fuer-schienen\/"},"modified":"2026-01-30T18:39:18","modified_gmt":"2026-01-30T17:39:18","slug":"2001479-mobile-hebebuehne-mit-spezialraedern-fuer-schienen","status":"publish","type":"product","link":"https:\/\/www.esla.eu\/de\/productos\/sonderloesungen\/hohenverstellbare-wartungsplattformen-2\/2001479-mobile-hebebuehne-mit-spezialraedern-fuer-schienen\/","title":{"rendered":"2001479 &#8211; Mobile Hebeb\u00fchne mit Spezialr\u00e4dern f\u00fcr Schienen"},"content":{"rendered":"<p>Mobile Aluminium-Hebeb\u00fchne f\u00fcr die Instandhaltung von Eisenbahnen<\/p>\n<p>&#8211; Manuelles Hebesystem mit Hydraulikzylinder<\/p>\n<p>&#8211; Spezialr\u00e4der f\u00fcr Schienen<\/p>\n<p>&#8211; Ausziehbare vordere Lamellen<\/p>\n<p>&#8211; Verstellbare F\u00fc\u00dfe f\u00fcr Grube<\/p>\n","protected":false},"excerpt":{"rendered":"<p>Mobile Aluminium-Hebeb\u00fchne f\u00fcr die Instandhaltung von Eisenbahnen &#8211; Manuelles Hebesystem mit Hydraulikzylinder &#8211; Spezialr\u00e4der f\u00fcr Schienen &#8211; Ausziehbare vordere Lamellen &#8211; Verstellbare F\u00fc\u00dfe f\u00fcr Grube<\/p>\n","protected":false},"featured_media":14060,"template":"","meta":{"inline_featured_image":false},"product_brand":[],"product_cat":[481,431],"product_tag":[],"class_list":{"0":"post-14056","1":"product","2":"type-product","3":"status-publish","4":"has-post-thumbnail","6":"product_cat-hohenverstellbare-wartungsplattformen-2","7":"product_cat-hohenverstellbare-wartungsplattformen","9":"first","10":"instock","11":"shipping-taxable","12":"product-type-simple"},"_links":{"self":[{"href":"https:\/\/www.esla.eu\/de\/wp-json\/wp\/v2\/product\/14056","targetHints":{"allow":["GET"]}}],"collection":[{"href":"https:\/\/www.esla.eu\/de\/wp-json\/wp\/v2\/product"}],"about":[{"href":"https:\/\/www.esla.eu\/de\/wp-json\/wp\/v2\/types\/product"}],"wp:featuredmedia":[{"embeddable":true,"href":"https:\/\/www.esla.eu\/de\/wp-json\/wp\/v2\/media\/14060"}],"wp:attachment":[{"href":"https:\/\/www.esla.eu\/de\/wp-json\/wp\/v2\/media?parent=14056"}],"wp:term":[{"taxonomy":"product_brand","embeddable":true,"href":"https:\/\/www.esla.eu\/de\/wp-json\/wp\/v2\/product_brand?post=14056"},{"taxonomy":"product_cat","embeddable":true,"href":"https:\/\/www.esla.eu\/de\/wp-json\/wp\/v2\/product_cat?post=14056"},{"taxonomy":"product_tag","embeddable":true,"href":"https:\/\/www.esla.eu\/de\/wp-json\/wp\/v2\/product_tag?post=14056"}],"curies":[{"name":"wp","href":"https:\/\/api.w.org\/{rel}","templated":true}]}}