{"id":14087,"date":"2024-03-18T10:28:15","date_gmt":"2024-03-18T09:28:15","guid":{"rendered":"https:\/\/www.esla.eu\/productos\/unkategorisiert\/2001559-plattform-zum-erreichen-von-busdaechern\/"},"modified":"2026-01-30T18:38:45","modified_gmt":"2026-01-30T17:38:45","slug":"2001559-plattform-zum-erreichen-von-busdaechern","status":"publish","type":"product","link":"https:\/\/www.esla.eu\/de\/productos\/sonderloesungen\/hohenverstellbare-wartungsplattformen-2\/2001559-plattform-zum-erreichen-von-busdaechern\/","title":{"rendered":"2001559 \u2013 Plattform zum Erreichen von Busd\u00e4chern"},"content":{"rendered":"<p>Sicherer Zugang zum Dach von Bussen<\/p>\n<p>\u2013 H\u00f6henverstellbare mobile Plattform f\u00fcr den sicheren Zugang zum Dach von Bussen<\/p>\n<p>\u2013 Die H\u00f6henverstellung von 2700 bis 3700 mm erm\u00f6glicht das Arbeiten an verschiedenen Bustypen<\/p>\n<p>\u2013 4 R\u00e4der mit 200 mm Durchmesser und Bremsen, die das Bewegen der Plattform erm\u00f6glichen<\/p>\n<p>\u2013 Ausgestattet mit Nivellierf\u00fc\u00dfen, die eine hohe Stabilit\u00e4t in der Arbeitsposition gew\u00e4hrleisten<\/p>\n<p>\u2013 Gelenkige, klappbare obere Gel\u00e4nderbaugruppe, die es den Arbeitern erm\u00f6glicht, in v\u00f6lliger Sicherheit auf dem Dach zu arbeiten<\/p>\n<p>\u2013 Parallelogramm-Zugangsleiter, die ihren Neigungswinkel reguliert<\/p>\n<p>\u2013 Zul\u00e4ssige Last: 3 Personen + Material<\/p>\n<p>\u2013 Die Regulierung erfolgt mittels eines Rei\u00dfverschlusses, den eine einzelne Person bet\u00e4tigen kann<\/p>\n<p>\u2013 Unterrahmen aus lackiertem Stahl f\u00fcr bessere Stabilit\u00e4t und Steifigkeit<\/p>\n<p>\u2013 Aluminiumstruktur<\/p>\n<p>\u2013 5000-mm-Plattform mit Riffelblech<\/p>\n<p>\u2013 Gummischutz \u00fcber die gesamte L\u00e4nge im Kontaktbereich mit dem Bus<\/p>\n<p>\u2013 Gel\u00e4nderh\u00f6he 1100 mm + Fu\u00dfleisten<\/p>\n","protected":false},"excerpt":{"rendered":"<p>Sicherer Zugang zum Dach von Bussen \u2013 H\u00f6henverstellbare mobile Plattform f\u00fcr den sicheren Zugang zum Dach von Bussen \u2013 Die H\u00f6henverstellung von 2700 bis 3700 mm erm\u00f6glicht das Arbeiten an verschiedenen Bustypen \u2013 4 R\u00e4der mit 200 mm Durchmesser und Bremsen, die das Bewegen der Plattform erm\u00f6glichen \u2013 Ausgestattet mit Nivellierf\u00fc\u00dfen, die eine hohe Stabilit\u00e4t [&hellip;]<\/p>\n","protected":false},"featured_media":14096,"template":"","meta":{"inline_featured_image":false},"product_brand":[],"product_cat":[481,431],"product_tag":[],"class_list":{"0":"post-14087","1":"product","2":"type-product","3":"status-publish","4":"has-post-thumbnail","6":"product_cat-hohenverstellbare-wartungsplattformen-2","7":"product_cat-hohenverstellbare-wartungsplattformen","9":"first","10":"instock","11":"shipping-taxable","12":"product-type-simple"},"_links":{"self":[{"href":"https:\/\/www.esla.eu\/de\/wp-json\/wp\/v2\/product\/14087","targetHints":{"allow":["GET"]}}],"collection":[{"href":"https:\/\/www.esla.eu\/de\/wp-json\/wp\/v2\/product"}],"about":[{"href":"https:\/\/www.esla.eu\/de\/wp-json\/wp\/v2\/types\/product"}],"wp:featuredmedia":[{"embeddable":true,"href":"https:\/\/www.esla.eu\/de\/wp-json\/wp\/v2\/media\/14096"}],"wp:attachment":[{"href":"https:\/\/www.esla.eu\/de\/wp-json\/wp\/v2\/media?parent=14087"}],"wp:term":[{"taxonomy":"product_brand","embeddable":true,"href":"https:\/\/www.esla.eu\/de\/wp-json\/wp\/v2\/product_brand?post=14087"},{"taxonomy":"product_cat","embeddable":true,"href":"https:\/\/www.esla.eu\/de\/wp-json\/wp\/v2\/product_cat?post=14087"},{"taxonomy":"product_tag","embeddable":true,"href":"https:\/\/www.esla.eu\/de\/wp-json\/wp\/v2\/product_tag?post=14087"}],"curies":[{"name":"wp","href":"https:\/\/api.w.org\/{rel}","templated":true}]}}