{"id":14108,"date":"2024-04-02T08:54:35","date_gmt":"2024-04-02T06:54:35","guid":{"rendered":"https:\/\/www.esla.eu\/productos\/unkategorisiert\/54489-satz-positionierungsleiterteile-fuer-hoehenunterschiede-mobile-aluminiumleiter-serie-mindestinnenbreite-300-mm\/"},"modified":"2024-04-02T08:54:35","modified_gmt":"2024-04-02T06:54:35","slug":"54489-satz-positionierungsleiterteile-fuer-hoehenunterschiede-mobile-aluminiumleiter-serie-mindestinnenbreite-300-mm","status":"publish","type":"product","link":"https:\/\/www.esla.eu\/de\/productos\/zubehoer\/erganzungen\/54489-satz-positionierungsleiterteile-fuer-hoehenunterschiede-mobile-aluminiumleiter-serie-mindestinnenbreite-300-mm\/","title":{"rendered":"54489 \u2013 Satz Positionierungsleiterteile f\u00fcr H\u00f6henunterschiede \u2013 Mobile Aluminiumleiter-Serie \u2013 Mindestinnenbreite 300 mm"},"content":{"rendered":"<p>Satz Teile zur Positionierung unebener Treppen<\/p>\n<p>F\u00fcr 30 x 30 mm Stufen<\/p>\n<p>Sie k\u00f6nnen eine Stufenleiter mit ausziehbarem Teil erhalten, um eine L\u00fccke zu \u00fcberwinden<\/p>\n","protected":false},"excerpt":{"rendered":"<p>Satz Teile zur Positionierung unebener Treppen F\u00fcr 30 x 30 mm Stufen Sie k\u00f6nnen eine Stufenleiter mit ausziehbarem Teil erhalten, um eine L\u00fccke zu \u00fcberwinden<\/p>\n","protected":false},"featured_media":5118,"template":"","meta":{"inline_featured_image":false},"product_brand":[],"product_cat":[476],"product_tag":[],"class_list":{"0":"post-14108","1":"product","2":"type-product","3":"status-publish","4":"has-post-thumbnail","6":"product_cat-erganzungen","8":"first","9":"instock","10":"shipping-taxable","11":"product-type-simple"},"_links":{"self":[{"href":"https:\/\/www.esla.eu\/de\/wp-json\/wp\/v2\/product\/14108","targetHints":{"allow":["GET"]}}],"collection":[{"href":"https:\/\/www.esla.eu\/de\/wp-json\/wp\/v2\/product"}],"about":[{"href":"https:\/\/www.esla.eu\/de\/wp-json\/wp\/v2\/types\/product"}],"wp:featuredmedia":[{"embeddable":true,"href":"https:\/\/www.esla.eu\/de\/wp-json\/wp\/v2\/media\/5118"}],"wp:attachment":[{"href":"https:\/\/www.esla.eu\/de\/wp-json\/wp\/v2\/media?parent=14108"}],"wp:term":[{"taxonomy":"product_brand","embeddable":true,"href":"https:\/\/www.esla.eu\/de\/wp-json\/wp\/v2\/product_brand?post=14108"},{"taxonomy":"product_cat","embeddable":true,"href":"https:\/\/www.esla.eu\/de\/wp-json\/wp\/v2\/product_cat?post=14108"},{"taxonomy":"product_tag","embeddable":true,"href":"https:\/\/www.esla.eu\/de\/wp-json\/wp\/v2\/product_tag?post=14108"}],"curies":[{"name":"wp","href":"https:\/\/api.w.org\/{rel}","templated":true}]}}