{"id":14110,"date":"2024-03-18T09:21:45","date_gmt":"2024-03-18T08:21:45","guid":{"rendered":"https:\/\/www.esla.eu\/productos\/unkategorisiert\/8473-fahrgeruesttreppe-mit-stabilisator-plattformmasse-190-x-130-en-1004\/"},"modified":"2026-01-30T18:56:24","modified_gmt":"2026-01-30T17:56:24","slug":"8473-fahrgeruesttreppe-mit-stabilisator-plattformmasse-190-x-130-en-1004","status":"publish","type":"product","link":"https:\/\/www.esla.eu\/de\/productos\/fahrgerust\/8473-fahrgeruesttreppe-mit-stabilisator-plattformmasse-190-x-130-en-1004\/","title":{"rendered":"8473 \u2013 Fahrger\u00fcsttreppe mit Stabilisator. Plattformma\u00dfe: 1,90 x 1,30 EN 1004"},"content":{"rendered":"<p><strong>Besondere Merkmale<\/strong><\/p>\n<p>Plattformma\u00dfe: 1,90 x 1,30 m<\/p>\n<p>Zul\u00e4ssige H\u00f6chstlast: 150 kg\/m\u00b2<\/p>\n<p>Es ist wichtig, die <strong>Montageanleitung und das Produktdatenblatt<\/strong> (Produktdokumentation) f\u00fcr das Zubeh\u00f6r zu konsultieren, das je nach interner, externer und sonstiger Verwendung erforderlich ist.<\/p>\n","protected":false},"excerpt":{"rendered":"<p>Besondere Merkmale Plattformma\u00dfe: 1,90 x 1,30 m Zul\u00e4ssige H\u00f6chstlast: 150 kg\/m\u00b2 Es ist wichtig, die Montageanleitung und das Produktdatenblatt (Produktdokumentation) f\u00fcr das Zubeh\u00f6r zu konsultieren, das je nach interner, externer und sonstiger Verwendung erforderlich ist.<\/p>\n","protected":false},"featured_media":14116,"template":"","meta":{"inline_featured_image":false},"product_brand":[],"product_cat":[486],"product_tag":[],"class_list":{"0":"post-14110","1":"product","2":"type-product","3":"status-publish","4":"has-post-thumbnail","6":"product_cat-fahrgerust","8":"first","9":"instock","10":"shipping-taxable","11":"product-type-simple"},"_links":{"self":[{"href":"https:\/\/www.esla.eu\/de\/wp-json\/wp\/v2\/product\/14110","targetHints":{"allow":["GET"]}}],"collection":[{"href":"https:\/\/www.esla.eu\/de\/wp-json\/wp\/v2\/product"}],"about":[{"href":"https:\/\/www.esla.eu\/de\/wp-json\/wp\/v2\/types\/product"}],"wp:featuredmedia":[{"embeddable":true,"href":"https:\/\/www.esla.eu\/de\/wp-json\/wp\/v2\/media\/14116"}],"wp:attachment":[{"href":"https:\/\/www.esla.eu\/de\/wp-json\/wp\/v2\/media?parent=14110"}],"wp:term":[{"taxonomy":"product_brand","embeddable":true,"href":"https:\/\/www.esla.eu\/de\/wp-json\/wp\/v2\/product_brand?post=14110"},{"taxonomy":"product_cat","embeddable":true,"href":"https:\/\/www.esla.eu\/de\/wp-json\/wp\/v2\/product_cat?post=14110"},{"taxonomy":"product_tag","embeddable":true,"href":"https:\/\/www.esla.eu\/de\/wp-json\/wp\/v2\/product_tag?post=14110"}],"curies":[{"name":"wp","href":"https:\/\/api.w.org\/{rel}","templated":true}]}}