{"id":14154,"date":"2024-03-15T12:50:29","date_gmt":"2024-03-15T11:50:29","guid":{"rendered":"https:\/\/www.esla.eu\/productos\/unkategorisiert\/8080-scherenleiter-mit-grosser-plattform-en131-1-2\/"},"modified":"2026-01-31T05:51:15","modified_gmt":"2026-01-31T04:51:15","slug":"8080-scherenleiter-mit-grosser-plattform-en131-1-2","status":"publish","type":"product","link":"https:\/\/www.esla.eu\/de\/productos\/tragbare-leitern\/8080-scherenleiter-mit-grosser-plattform-en131-1-2\/","title":{"rendered":"8080 \u2013 Scherenleiter mit gro\u00dfer Plattform EN131.1-2"},"content":{"rendered":"<p><strong>Besondere Merkmale<\/strong><\/p>\n<p>Ungef\u00e4hre maximale Arbeitsh\u00f6he (m): 4,8<\/p>\n<p>Neigung \u00b0: 68<\/p>\n<p>Sprosse (mm): 80<\/p>\n<p>Sprossenabstand (mm): 250<\/p>\n<p><strong>Weitere Details<\/strong><\/p>\n<p>Ergonomische, stranggepresste Seitenholme.<\/p>\n<p>Abgewinkelte F\u00fc\u00dfe, die mehr Auflagefl\u00e4che bieten.<\/p>\n<p>Obere Werkzeugablage aus Kunststoff, mit Haken zum Einh\u00e4ngen von Eimern bis zu 25 kg.<\/p>\n<p>Plattform 440 x 400.<\/p>\n<p>Verst\u00e4rkungsstreben der ersten Stufe.<\/p>\n<p>Gel\u00e4nderh\u00f6he 800 mm.<\/p>\n<p>Wir steigen h\u00f6her.<\/p>\n<p>Hochresistenter \u00d6ffnungsgurt mit 8 oder mehr Stufen.<\/p>\n","protected":false},"excerpt":{"rendered":"<p>Besondere Merkmale Ungef\u00e4hre maximale Arbeitsh\u00f6he (m): 4,8 Neigung \u00b0: 68 Sprosse (mm): 80 Sprossenabstand (mm): 250 Weitere Details Ergonomische, stranggepresste Seitenholme. Abgewinkelte F\u00fc\u00dfe, die mehr Auflagefl\u00e4che bieten. Obere Werkzeugablage aus Kunststoff, mit Haken zum Einh\u00e4ngen von Eimern bis zu 25 kg. Plattform 440 x 400. Verst\u00e4rkungsstreben der ersten Stufe. Gel\u00e4nderh\u00f6he 800 mm. Wir steigen h\u00f6her. [&hellip;]<\/p>\n","protected":false},"featured_media":14156,"template":"","meta":{"inline_featured_image":false},"product_brand":[],"product_cat":[480],"product_tag":[],"class_list":{"0":"post-14154","1":"product","2":"type-product","3":"status-publish","4":"has-post-thumbnail","6":"product_cat-tragbare-leitern","8":"first","9":"instock","10":"shipping-taxable","11":"purchasable","12":"product-type-simple"},"_links":{"self":[{"href":"https:\/\/www.esla.eu\/de\/wp-json\/wp\/v2\/product\/14154","targetHints":{"allow":["GET"]}}],"collection":[{"href":"https:\/\/www.esla.eu\/de\/wp-json\/wp\/v2\/product"}],"about":[{"href":"https:\/\/www.esla.eu\/de\/wp-json\/wp\/v2\/types\/product"}],"wp:featuredmedia":[{"embeddable":true,"href":"https:\/\/www.esla.eu\/de\/wp-json\/wp\/v2\/media\/14156"}],"wp:attachment":[{"href":"https:\/\/www.esla.eu\/de\/wp-json\/wp\/v2\/media?parent=14154"}],"wp:term":[{"taxonomy":"product_brand","embeddable":true,"href":"https:\/\/www.esla.eu\/de\/wp-json\/wp\/v2\/product_brand?post=14154"},{"taxonomy":"product_cat","embeddable":true,"href":"https:\/\/www.esla.eu\/de\/wp-json\/wp\/v2\/product_cat?post=14154"},{"taxonomy":"product_tag","embeddable":true,"href":"https:\/\/www.esla.eu\/de\/wp-json\/wp\/v2\/product_tag?post=14154"}],"curies":[{"name":"wp","href":"https:\/\/api.w.org\/{rel}","templated":true}]}}