{"id":14176,"date":"2024-03-18T07:42:27","date_gmt":"2024-03-18T06:42:27","guid":{"rendered":"https:\/\/www.esla.eu\/productos\/unkategorisiert\/11002-leichter-aluminium-hocker-51-en14183\/"},"modified":"2026-01-31T05:50:36","modified_gmt":"2026-01-31T04:50:36","slug":"11002-leichter-aluminium-hocker-51-en14183","status":"publish","type":"product","link":"https:\/\/www.esla.eu\/de\/productos\/treppe-mit-plattform\/leichte-hocker\/11002-leichter-aluminium-hocker-51-en14183\/","title":{"rendered":"11002 \u2013 Leichter Aluminium-Hocker 51\u00b0 EN14183"},"content":{"rendered":"<p><strong>Besondere Merkmale<\/strong><\/p>\n<p>Ungef\u00e4hre maximale Arbeitsh\u00f6he (m): 3<\/p>\n<p>Neigung \u00b0: 51<\/p>\n<p>Sprosse (mm): 200 \/ letzte 300<\/p>\n<p>Sprossenabstand (mm): 250<\/p>\n<p><strong>Weitere Details<\/strong><\/p>\n<p>Extrudierte Profile.<\/p>\n<p>Rechteckige Seitenholme.<\/p>\n<p>Vollst\u00e4ndig verschwei\u00dft.<\/p>\n<p>Die seitliche Struktur ist an jeder Stufe einzeln verst\u00e4rkt.<\/p>\n<p>Diese Serie ist darauf ausgelegt, so wenig Platz wie m\u00f6glich zu beanspruchen.<\/p>\n","protected":false},"excerpt":{"rendered":"<p>Besondere Merkmale Ungef\u00e4hre maximale Arbeitsh\u00f6he (m): 3 Neigung \u00b0: 51 Sprosse (mm): 200 \/ letzte 300 Sprossenabstand (mm): 250 Weitere Details Extrudierte Profile. Rechteckige Seitenholme. Vollst\u00e4ndig verschwei\u00dft. Die seitliche Struktur ist an jeder Stufe einzeln verst\u00e4rkt. Diese Serie ist darauf ausgelegt, so wenig Platz wie m\u00f6glich zu beanspruchen.<\/p>\n","protected":false},"featured_media":14178,"template":"","meta":{"inline_featured_image":false},"product_brand":[],"product_cat":[488],"product_tag":[],"class_list":{"0":"post-14176","1":"product","2":"type-product","3":"status-publish","4":"has-post-thumbnail","6":"product_cat-leichte-hocker","8":"first","9":"instock","10":"shipping-taxable","11":"product-type-simple"},"_links":{"self":[{"href":"https:\/\/www.esla.eu\/de\/wp-json\/wp\/v2\/product\/14176","targetHints":{"allow":["GET"]}}],"collection":[{"href":"https:\/\/www.esla.eu\/de\/wp-json\/wp\/v2\/product"}],"about":[{"href":"https:\/\/www.esla.eu\/de\/wp-json\/wp\/v2\/types\/product"}],"wp:featuredmedia":[{"embeddable":true,"href":"https:\/\/www.esla.eu\/de\/wp-json\/wp\/v2\/media\/14178"}],"wp:attachment":[{"href":"https:\/\/www.esla.eu\/de\/wp-json\/wp\/v2\/media?parent=14176"}],"wp:term":[{"taxonomy":"product_brand","embeddable":true,"href":"https:\/\/www.esla.eu\/de\/wp-json\/wp\/v2\/product_brand?post=14176"},{"taxonomy":"product_cat","embeddable":true,"href":"https:\/\/www.esla.eu\/de\/wp-json\/wp\/v2\/product_cat?post=14176"},{"taxonomy":"product_tag","embeddable":true,"href":"https:\/\/www.esla.eu\/de\/wp-json\/wp\/v2\/product_tag?post=14176"}],"curies":[{"name":"wp","href":"https:\/\/api.w.org\/{rel}","templated":true}]}}