{"id":14218,"date":"2024-03-13T14:24:08","date_gmt":"2024-03-13T13:24:08","guid":{"rendered":"https:\/\/www.esla.eu\/productos\/unkategorisiert\/6261-mechanische-3-teilige-schiebeleiter-en131-1-2\/"},"modified":"2026-01-31T07:45:55","modified_gmt":"2026-01-31T06:45:55","slug":"6261-mechanische-3-teilige-schiebeleiter-en131-1-2","status":"publish","type":"product","link":"https:\/\/www.esla.eu\/de\/productos\/tragbare-leitern\/6261-mechanische-3-teilige-schiebeleiter-en131-1-2\/","title":{"rendered":"6261 &#8211; Mechanische 3-teilige Schiebeleiter EN131.1-2"},"content":{"rendered":"<p><strong>Besondere Merkmale<\/strong><\/p>\n<p>Ungef\u00e4hre maximale Arbeitsh\u00f6he (m): 13<\/p>\n<p>Neigung \u00b0: 75<\/p>\n<p>Sprosse (mm): 30<\/p>\n<p>Breite (mm): 355 \/ 425 \/ 490<\/p>\n<p>Sprossenabstand (mm): 280<\/p>\n<p><strong>Weitere Details<\/strong><\/p>\n<p>Ergonomische, stranggepresste Seitenholme.<\/p>\n<p>Stahlf\u00fchrungen mit Innenkunststoffbeschichtung zur Verbesserung des Gleitens.<\/p>\n<p>Kippf\u00fc\u00dfe mit gr\u00f6\u00dferer Auflagefl\u00e4che.<\/p>\n<p>R\u00e4der am oberen Ende, die die Leiter auf der Auflagefl\u00e4che sch\u00fctzen.<\/p>\n<p>Das Seil im oberen Teil ist 10 mm blau, und das mittlere zur Unterscheidung ist 12 mm orange.<\/p>\n<p>Das Fl\u00fcgelprofildesign bietet besseres Gleiten.<\/p>\n","protected":false},"excerpt":{"rendered":"<p>Besondere Merkmale Ungef\u00e4hre maximale Arbeitsh\u00f6he (m): 13 Neigung \u00b0: 75 Sprosse (mm): 30 Breite (mm): 355 \/ 425 \/ 490 Sprossenabstand (mm): 280 Weitere Details Ergonomische, stranggepresste Seitenholme. Stahlf\u00fchrungen mit Innenkunststoffbeschichtung zur Verbesserung des Gleitens. Kippf\u00fc\u00dfe mit gr\u00f6\u00dferer Auflagefl\u00e4che. R\u00e4der am oberen Ende, die die Leiter auf der Auflagefl\u00e4che sch\u00fctzen. Das Seil im oberen Teil [&hellip;]<\/p>\n","protected":false},"featured_media":14220,"template":"","meta":{"inline_featured_image":false},"product_brand":[],"product_cat":[480],"product_tag":[],"class_list":{"0":"post-14218","1":"product","2":"type-product","3":"status-publish","4":"has-post-thumbnail","6":"product_cat-tragbare-leitern","8":"first","9":"instock","10":"shipping-taxable","11":"purchasable","12":"product-type-simple"},"_links":{"self":[{"href":"https:\/\/www.esla.eu\/de\/wp-json\/wp\/v2\/product\/14218","targetHints":{"allow":["GET"]}}],"collection":[{"href":"https:\/\/www.esla.eu\/de\/wp-json\/wp\/v2\/product"}],"about":[{"href":"https:\/\/www.esla.eu\/de\/wp-json\/wp\/v2\/types\/product"}],"wp:featuredmedia":[{"embeddable":true,"href":"https:\/\/www.esla.eu\/de\/wp-json\/wp\/v2\/media\/14220"}],"wp:attachment":[{"href":"https:\/\/www.esla.eu\/de\/wp-json\/wp\/v2\/media?parent=14218"}],"wp:term":[{"taxonomy":"product_brand","embeddable":true,"href":"https:\/\/www.esla.eu\/de\/wp-json\/wp\/v2\/product_brand?post=14218"},{"taxonomy":"product_cat","embeddable":true,"href":"https:\/\/www.esla.eu\/de\/wp-json\/wp\/v2\/product_cat?post=14218"},{"taxonomy":"product_tag","embeddable":true,"href":"https:\/\/www.esla.eu\/de\/wp-json\/wp\/v2\/product_tag?post=14218"}],"curies":[{"name":"wp","href":"https:\/\/api.w.org\/{rel}","templated":true}]}}