{"id":14225,"date":"2024-03-14T11:20:00","date_gmt":"2024-03-14T10:20:00","guid":{"rendered":"https:\/\/www.esla.eu\/productos\/unkategorisiert\/8026-scherenleiter-mit-plattform-en131-1-2\/"},"modified":"2026-01-31T07:17:26","modified_gmt":"2026-01-31T06:17:26","slug":"8026-scherenleiter-mit-plattform-en131-1-2","status":"publish","type":"product","link":"https:\/\/www.esla.eu\/de\/productos\/tragbare-leitern\/8026-scherenleiter-mit-plattform-en131-1-2\/","title":{"rendered":"8026 \u2013 Scherenleiter mit Plattform EN131.1-2"},"content":{"rendered":"<p><strong>Besondere Merkmale<\/strong><\/p>\n<p>Ungef\u00e4hre maximale Arbeitsh\u00f6he (m): 5,2<\/p>\n<p>Neigung \u00b0: 68<\/p>\n<p>Sprosse (mm): 80<\/p>\n<p>Sprossenabstand (mm): 230<\/p>\n<p><strong>Weitere Details<\/strong><\/p>\n<p>Ergonomische, stranggepresste Seitenholme.<\/p>\n<p>Abgewinkelte F\u00fc\u00dfe, die mehr Auflagefl\u00e4che bieten.<\/p>\n<p>Werkzeugablage aus Aluminium.<\/p>\n<p>Plattform 250 x 250.<\/p>\n<p>Verst\u00e4rkungsstreben der ersten Stufe.<\/p>\n<p>Hochfester \u00d6ffnungsgurt ab 7 Stufen.<\/p>\n","protected":false},"excerpt":{"rendered":"<p>Besondere Merkmale Ungef\u00e4hre maximale Arbeitsh\u00f6he (m): 5,2 Neigung \u00b0: 68 Sprosse (mm): 80 Sprossenabstand (mm): 230 Weitere Details Ergonomische, stranggepresste Seitenholme. Abgewinkelte F\u00fc\u00dfe, die mehr Auflagefl\u00e4che bieten. Werkzeugablage aus Aluminium. Plattform 250 x 250. Verst\u00e4rkungsstreben der ersten Stufe. Hochfester \u00d6ffnungsgurt ab 7 Stufen.<\/p>\n","protected":false},"featured_media":14227,"template":"","meta":{"inline_featured_image":false},"product_brand":[],"product_cat":[480],"product_tag":[],"class_list":{"0":"post-14225","1":"product","2":"type-product","3":"status-publish","4":"has-post-thumbnail","6":"product_cat-tragbare-leitern","8":"first","9":"instock","10":"shipping-taxable","11":"purchasable","12":"product-type-simple"},"_links":{"self":[{"href":"https:\/\/www.esla.eu\/de\/wp-json\/wp\/v2\/product\/14225","targetHints":{"allow":["GET"]}}],"collection":[{"href":"https:\/\/www.esla.eu\/de\/wp-json\/wp\/v2\/product"}],"about":[{"href":"https:\/\/www.esla.eu\/de\/wp-json\/wp\/v2\/types\/product"}],"wp:featuredmedia":[{"embeddable":true,"href":"https:\/\/www.esla.eu\/de\/wp-json\/wp\/v2\/media\/14227"}],"wp:attachment":[{"href":"https:\/\/www.esla.eu\/de\/wp-json\/wp\/v2\/media?parent=14225"}],"wp:term":[{"taxonomy":"product_brand","embeddable":true,"href":"https:\/\/www.esla.eu\/de\/wp-json\/wp\/v2\/product_brand?post=14225"},{"taxonomy":"product_cat","embeddable":true,"href":"https:\/\/www.esla.eu\/de\/wp-json\/wp\/v2\/product_cat?post=14225"},{"taxonomy":"product_tag","embeddable":true,"href":"https:\/\/www.esla.eu\/de\/wp-json\/wp\/v2\/product_tag?post=14225"}],"curies":[{"name":"wp","href":"https:\/\/api.w.org\/{rel}","templated":true}]}}