{"id":14231,"date":"2024-03-13T14:08:26","date_gmt":"2024-03-13T13:08:26","guid":{"rendered":"https:\/\/www.esla.eu\/productos\/unkategorisiert\/fahrbare-und-klappbare-podestleiter-f-alm-p-en-131-7-und-en-61478\/"},"modified":"2026-01-31T07:47:40","modified_gmt":"2026-01-31T06:47:40","slug":"fahrbare-und-klappbare-podestleiter-f-alm-p-en-131-7-und-en-61478","status":"publish","type":"product","link":"https:\/\/www.esla.eu\/de\/productos\/tragbare-leitern\/fahrbare-und-klappbare-podestleiter-f-alm-p-en-131-7-und-en-61478\/","title":{"rendered":"Fahrbare und klappbare Podestleiter F-ALM-P EN 131-7 und EN 61478"},"content":{"rendered":"<div>-Polyesterleiter, verst\u00e4rkt mit Fiberglas.<\/div>\n<div>-Speziell entwickelt f\u00fcr l\u00e4ngere Arbeiten in der H\u00f6he.<\/div>\n<div>-Zusammenklappbar f\u00fcr einfachen Transport.<\/div>\n<div>-Isoliert gegen elektrische und thermische Einfl\u00fcsse. Sie ist antimagnetisch und best\u00e4ndig gegen Feuchtigkeit, S\u00e4uren, Korrosion und ultraviolette Strahlen. <\/div>\n<div><\/div>\n<div>EIGENSCHAFTEN:<\/div>\n<div>-Abstand zwischen den Sprossen: 28 cm.<\/div>\n<div>-Plattform 500 x 500 mm aus Fiberglas-Sicherheitsgitter.<\/div>\n<div>-Edelstahlschl\u00f6sser und -schrauben.<\/div>\n<div>-Ausgestattet mit Gummif\u00fc\u00dfen.<\/div>\n<div>-Ausgestattet mit R\u00e4dern an der R\u00fcckseite, um sie leicht zu bewegen.<\/div>\n<div><\/div>\n<div>NORMEN:<\/div>\n<div>-Hergestellt gem\u00e4\u00df UNE-EN 131-7 \u201eFahrbare Treppen mit Plattform\u201c.<\/div>\n<p>-Gepr\u00fcft mit 100 kV gem\u00e4\u00df UNE-EN 61478 \u201eLeiter aus isolierendem Material\u201c.<\/p>\n","protected":false},"excerpt":{"rendered":"<p>-Polyesterleiter, verst\u00e4rkt mit Fiberglas. -Speziell entwickelt f\u00fcr l\u00e4ngere Arbeiten in der H\u00f6he. -Zusammenklappbar f\u00fcr einfachen Transport. -Isoliert gegen elektrische und thermische Einfl\u00fcsse. Sie ist antimagnetisch und best\u00e4ndig gegen Feuchtigkeit, S\u00e4uren, Korrosion und ultraviolette Strahlen. EIGENSCHAFTEN: -Abstand zwischen den Sprossen: 28 cm. -Plattform 500 x 500 mm aus Fiberglas-Sicherheitsgitter. -Edelstahlschl\u00f6sser und -schrauben. -Ausgestattet mit Gummif\u00fc\u00dfen. -Ausgestattet [&hellip;]<\/p>\n","protected":false},"featured_media":14232,"template":"","meta":{"inline_featured_image":false},"product_brand":[],"product_cat":[480],"product_tag":[],"class_list":{"0":"post-14231","1":"product","2":"type-product","3":"status-publish","4":"has-post-thumbnail","6":"product_cat-tragbare-leitern","8":"first","9":"instock","10":"shipping-taxable","11":"purchasable","12":"product-type-simple"},"_links":{"self":[{"href":"https:\/\/www.esla.eu\/de\/wp-json\/wp\/v2\/product\/14231","targetHints":{"allow":["GET"]}}],"collection":[{"href":"https:\/\/www.esla.eu\/de\/wp-json\/wp\/v2\/product"}],"about":[{"href":"https:\/\/www.esla.eu\/de\/wp-json\/wp\/v2\/types\/product"}],"wp:featuredmedia":[{"embeddable":true,"href":"https:\/\/www.esla.eu\/de\/wp-json\/wp\/v2\/media\/14232"}],"wp:attachment":[{"href":"https:\/\/www.esla.eu\/de\/wp-json\/wp\/v2\/media?parent=14231"}],"wp:term":[{"taxonomy":"product_brand","embeddable":true,"href":"https:\/\/www.esla.eu\/de\/wp-json\/wp\/v2\/product_brand?post=14231"},{"taxonomy":"product_cat","embeddable":true,"href":"https:\/\/www.esla.eu\/de\/wp-json\/wp\/v2\/product_cat?post=14231"},{"taxonomy":"product_tag","embeddable":true,"href":"https:\/\/www.esla.eu\/de\/wp-json\/wp\/v2\/product_tag?post=14231"}],"curies":[{"name":"wp","href":"https:\/\/api.w.org\/{rel}","templated":true}]}}