{"id":14234,"date":"2024-03-13T16:51:47","date_gmt":"2024-03-13T15:51:47","guid":{"rendered":"https:\/\/www.esla.eu\/productos\/unkategorisiert\/code-801311-8013-tragbare-leiter-1-teleskopierbarer-abschnitt-en131-1-2\/"},"modified":"2026-01-31T07:43:26","modified_gmt":"2026-01-31T06:43:26","slug":"code-801311-8013-tragbare-leiter-1-teleskopierbarer-abschnitt-en131-1-2","status":"publish","type":"product","link":"https:\/\/www.esla.eu\/de\/productos\/tragbare-leitern\/code-801311-8013-tragbare-leiter-1-teleskopierbarer-abschnitt-en131-1-2\/","title":{"rendered":"CODE: 801311 8013 &#8211; Tragbare Leiter 1 teleskopierbarer Abschnitt EN131.1-2"},"content":{"rendered":"<p><strong>Besondere Merkmale<\/strong><\/p>\n<p>Ungef\u00e4hre maximale Arbeitsh\u00f6he (m): 4,36<\/p>\n<p>Neigung \u00b0: 75<\/p>\n<p>Sprosse (mm): 65<\/p>\n<p>Breite (mm): 445<\/p>\n<p>Sprossenabstand (mm): 280<\/p>\n<p><strong>Weitere Details<\/strong><\/p>\n<p>Leiter h\u00f6henverstellbar in 280-mm-Schritten.<\/p>\n<p>Die Leiter l\u00e4sst sich sehr einfach entriegeln und ausfahren.<\/p>\n<p>Dank eines D\u00e4mpfungssystems l\u00e4sst sich die Leiter stufenweise ausfahren. So sind Ihre Finger gesch\u00fctzt. <\/p>\n<p>Komfortables Arbeiten dank integriertem Wandabstandshalter.<\/p>\n<p>Werkzeugtasche inklusive.<\/p>\n<p>Sie ben\u00f6tigt sehr wenig Platz bei Lagerung und Transport.<\/p>\n<p>Stabile Traverse, daher hohe Stabilit\u00e4t.<\/p>\n","protected":false},"excerpt":{"rendered":"<p>Besondere Merkmale Ungef\u00e4hre maximale Arbeitsh\u00f6he (m): 4,36 Neigung \u00b0: 75 Sprosse (mm): 65 Breite (mm): 445 Sprossenabstand (mm): 280 Weitere Details Leiter h\u00f6henverstellbar in 280-mm-Schritten. Die Leiter l\u00e4sst sich sehr einfach entriegeln und ausfahren. Dank eines D\u00e4mpfungssystems l\u00e4sst sich die Leiter stufenweise ausfahren. So sind Ihre Finger gesch\u00fctzt. Komfortables Arbeiten dank integriertem Wandabstandshalter. Werkzeugtasche inklusive. [&hellip;]<\/p>\n","protected":false},"featured_media":14238,"template":"","meta":{"inline_featured_image":false},"product_brand":[],"product_cat":[480],"product_tag":[],"class_list":{"0":"post-14234","1":"product","2":"type-product","3":"status-publish","4":"has-post-thumbnail","6":"product_cat-tragbare-leitern","8":"first","9":"instock","10":"shipping-taxable","11":"purchasable","12":"product-type-simple"},"_links":{"self":[{"href":"https:\/\/www.esla.eu\/de\/wp-json\/wp\/v2\/product\/14234","targetHints":{"allow":["GET"]}}],"collection":[{"href":"https:\/\/www.esla.eu\/de\/wp-json\/wp\/v2\/product"}],"about":[{"href":"https:\/\/www.esla.eu\/de\/wp-json\/wp\/v2\/types\/product"}],"wp:featuredmedia":[{"embeddable":true,"href":"https:\/\/www.esla.eu\/de\/wp-json\/wp\/v2\/media\/14238"}],"wp:attachment":[{"href":"https:\/\/www.esla.eu\/de\/wp-json\/wp\/v2\/media?parent=14234"}],"wp:term":[{"taxonomy":"product_brand","embeddable":true,"href":"https:\/\/www.esla.eu\/de\/wp-json\/wp\/v2\/product_brand?post=14234"},{"taxonomy":"product_cat","embeddable":true,"href":"https:\/\/www.esla.eu\/de\/wp-json\/wp\/v2\/product_cat?post=14234"},{"taxonomy":"product_tag","embeddable":true,"href":"https:\/\/www.esla.eu\/de\/wp-json\/wp\/v2\/product_tag?post=14234"}],"curies":[{"name":"wp","href":"https:\/\/api.w.org\/{rel}","templated":true}]}}