{"id":14242,"date":"2024-03-13T17:00:27","date_gmt":"2024-03-13T16:00:27","guid":{"rendered":"https:\/\/www.esla.eu\/productos\/unkategorisiert\/8024-scherenleiter-mit-doppeltem-zugang-und-breiter-stufe-en131-1-2\/"},"modified":"2026-01-31T07:24:02","modified_gmt":"2026-01-31T06:24:02","slug":"8024-scherenleiter-mit-doppeltem-zugang-und-breiter-stufe-en131-1-2","status":"publish","type":"product","link":"https:\/\/www.esla.eu\/de\/productos\/tragbare-leitern\/8024-scherenleiter-mit-doppeltem-zugang-und-breiter-stufe-en131-1-2\/","title":{"rendered":"8024 \u2013 Scherenleiter mit doppeltem Zugang und breiter Stufe EN131.1-2"},"content":{"rendered":"<p><strong>Besondere Merkmale<\/strong><\/p>\n<p>Ungef\u00e4hre maximale Arbeitsh\u00f6he (m): 4,5<\/p>\n<p>Neigung \u00b0: 68<\/p>\n<p>Sprosse (mm): 80<\/p>\n<p>Sprossenabstand (mm): 230<\/p>\n<p><strong>Weitere Details<\/strong><\/p>\n<p>Hochfestes \u00d6ffnungsband<\/p>\n<p>Verst\u00e4rkungsstreben der ersten Stufe.<\/p>\n<p>Abgewinkelte F\u00fc\u00dfe, die mehr Auflagefl\u00e4che bieten.<\/p>\n<p>Hochfestes \u00d6ffnungsgelenk aus Gusseisen<\/p>\n","protected":false},"excerpt":{"rendered":"<p>Besondere Merkmale Ungef\u00e4hre maximale Arbeitsh\u00f6he (m): 4,5 Neigung \u00b0: 68 Sprosse (mm): 80 Sprossenabstand (mm): 230 Weitere Details Hochfestes \u00d6ffnungsband Verst\u00e4rkungsstreben der ersten Stufe. Abgewinkelte F\u00fc\u00dfe, die mehr Auflagefl\u00e4che bieten. Hochfestes \u00d6ffnungsgelenk aus Gusseisen<\/p>\n","protected":false},"featured_media":14246,"template":"","meta":{"inline_featured_image":false},"product_brand":[],"product_cat":[480],"product_tag":[],"class_list":{"0":"post-14242","1":"product","2":"type-product","3":"status-publish","4":"has-post-thumbnail","6":"product_cat-tragbare-leitern","8":"first","9":"instock","10":"shipping-taxable","11":"purchasable","12":"product-type-simple"},"_links":{"self":[{"href":"https:\/\/www.esla.eu\/de\/wp-json\/wp\/v2\/product\/14242","targetHints":{"allow":["GET"]}}],"collection":[{"href":"https:\/\/www.esla.eu\/de\/wp-json\/wp\/v2\/product"}],"about":[{"href":"https:\/\/www.esla.eu\/de\/wp-json\/wp\/v2\/types\/product"}],"wp:featuredmedia":[{"embeddable":true,"href":"https:\/\/www.esla.eu\/de\/wp-json\/wp\/v2\/media\/14246"}],"wp:attachment":[{"href":"https:\/\/www.esla.eu\/de\/wp-json\/wp\/v2\/media?parent=14242"}],"wp:term":[{"taxonomy":"product_brand","embeddable":true,"href":"https:\/\/www.esla.eu\/de\/wp-json\/wp\/v2\/product_brand?post=14242"},{"taxonomy":"product_cat","embeddable":true,"href":"https:\/\/www.esla.eu\/de\/wp-json\/wp\/v2\/product_cat?post=14242"},{"taxonomy":"product_tag","embeddable":true,"href":"https:\/\/www.esla.eu\/de\/wp-json\/wp\/v2\/product_tag?post=14242"}],"curies":[{"name":"wp","href":"https:\/\/api.w.org\/{rel}","templated":true}]}}