{"id":14248,"date":"2024-03-14T11:38:51","date_gmt":"2024-03-14T10:38:51","guid":{"rendered":"https:\/\/www.esla.eu\/productos\/unkategorisiert\/fc7300-3-teilige-transformierbare-glasfaserleiter-en131-1-2-und-en-50528\/"},"modified":"2026-01-31T07:12:52","modified_gmt":"2026-01-31T06:12:52","slug":"fc7300-3-teilige-transformierbare-glasfaserleiter-en131-1-2-und-en-50528","status":"publish","type":"product","link":"https:\/\/www.esla.eu\/de\/productos\/tragbare-leitern\/fc7300-3-teilige-transformierbare-glasfaserleiter-en131-1-2-und-en-50528\/","title":{"rendered":"FC7300 \u2013 3-teilige, transformierbare Glasfaserleiter EN131.1-2 und EN 50528"},"content":{"rendered":"<p><strong>Besondere Merkmale<\/strong><\/p>\n<p>Neigung \u00b0: 75<\/p>\n<p>Sprosse (mm): 30<\/p>\n<p>Breite (mm): 514<\/p>\n<p>Sprossenabstand (mm): 280<\/p>\n<p><strong>Weitere Details<\/strong><\/p>\n<p>Isolator gegen elektrische und thermische Einfl\u00fcsse.<\/p>\n<p>Antimagnetisch und best\u00e4ndig gegen Feuchtigkeit, S\u00e4uren, Korrosion und ultraviolette Strahlen.<\/p>\n<p>Gummischuhe an der Basis.<\/p>\n<p>Schrauben und Beschl\u00e4ge aus Edelstahl.<\/p>\n<p>Holme durch Abdeckungen verschlossen und Sprossen mit Stopfen versiegelt.<\/p>\n<p>Anti-\u00d6ffnungs-Sicherheitsgurte f\u00fcr die Verwendung als Stehleiter, abnehmbar f\u00fcr die Verwendung als ausziehbare Leiter.<\/p>\n","protected":false},"excerpt":{"rendered":"<p>Besondere Merkmale Neigung \u00b0: 75 Sprosse (mm): 30 Breite (mm): 514 Sprossenabstand (mm): 280 Weitere Details Isolator gegen elektrische und thermische Einfl\u00fcsse. Antimagnetisch und best\u00e4ndig gegen Feuchtigkeit, S\u00e4uren, Korrosion und ultraviolette Strahlen. Gummischuhe an der Basis. Schrauben und Beschl\u00e4ge aus Edelstahl. Holme durch Abdeckungen verschlossen und Sprossen mit Stopfen versiegelt. Anti-\u00d6ffnungs-Sicherheitsgurte f\u00fcr die Verwendung als [&hellip;]<\/p>\n","protected":false},"featured_media":14251,"template":"","meta":{"inline_featured_image":false},"product_brand":[],"product_cat":[480],"product_tag":[],"class_list":{"0":"post-14248","1":"product","2":"type-product","3":"status-publish","4":"has-post-thumbnail","6":"product_cat-tragbare-leitern","8":"first","9":"instock","10":"shipping-taxable","11":"purchasable","12":"product-type-simple"},"_links":{"self":[{"href":"https:\/\/www.esla.eu\/de\/wp-json\/wp\/v2\/product\/14248","targetHints":{"allow":["GET"]}}],"collection":[{"href":"https:\/\/www.esla.eu\/de\/wp-json\/wp\/v2\/product"}],"about":[{"href":"https:\/\/www.esla.eu\/de\/wp-json\/wp\/v2\/types\/product"}],"wp:featuredmedia":[{"embeddable":true,"href":"https:\/\/www.esla.eu\/de\/wp-json\/wp\/v2\/media\/14251"}],"wp:attachment":[{"href":"https:\/\/www.esla.eu\/de\/wp-json\/wp\/v2\/media?parent=14248"}],"wp:term":[{"taxonomy":"product_brand","embeddable":true,"href":"https:\/\/www.esla.eu\/de\/wp-json\/wp\/v2\/product_brand?post=14248"},{"taxonomy":"product_cat","embeddable":true,"href":"https:\/\/www.esla.eu\/de\/wp-json\/wp\/v2\/product_cat?post=14248"},{"taxonomy":"product_tag","embeddable":true,"href":"https:\/\/www.esla.eu\/de\/wp-json\/wp\/v2\/product_tag?post=14248"}],"curies":[{"name":"wp","href":"https:\/\/api.w.org\/{rel}","templated":true}]}}