{"id":14254,"date":"2024-03-13T11:30:41","date_gmt":"2024-03-13T10:30:41","guid":{"rendered":"https:\/\/www.esla.eu\/productos\/unkategorisiert\/6046-ausziehbare-leiter-2-teilig-en131-1-2\/"},"modified":"2026-01-31T07:57:53","modified_gmt":"2026-01-31T06:57:53","slug":"6046-ausziehbare-leiter-2-teilig-en131-1-2","status":"publish","type":"product","link":"https:\/\/www.esla.eu\/de\/productos\/tragbare-leitern\/6046-ausziehbare-leiter-2-teilig-en131-1-2\/","title":{"rendered":"6046 &#8211; Ausziehbare Leiter 2-teilig EN131.1-2"},"content":{"rendered":"<p><strong>Besondere Merkmale<\/strong><\/p>\n<p>Ungef\u00e4hre maximale Arbeitsh\u00f6he (m): 10<\/p>\n<p>Neigung \u00b0: 75<\/p>\n<p>Sprosse (mm): 30<\/p>\n<p>Breite (mm): 425<\/p>\n<p>Sprossenabstand (mm): 280<\/p>\n<p><strong>Weitere Details<\/strong><\/p>\n<p>Ergonomische, stranggepresste Seitenholme.<\/p>\n<p>Stahlf\u00fchrungen mit Innenkunststoffbeschichtung zur Verbesserung des Gleitens.<\/p>\n<p>Kippf\u00fc\u00dfe mit gr\u00f6\u00dferer Auflagefl\u00e4che.<\/p>\n<p>Ab 14 Sprossen R\u00e4der am oberen Ende, die die Leiter auf der Auflagefl\u00e4che vor Reibung sch\u00fctzen.<\/p>\n<p>Ab 8 Sprossen eingebauter, gebogener Stabilisator.<\/p>\n<p>Verst\u00e4rkungsstreben der ersten Stufe.<\/p>\n","protected":false},"excerpt":{"rendered":"<p>Besondere Merkmale Ungef\u00e4hre maximale Arbeitsh\u00f6he (m): 10 Neigung \u00b0: 75 Sprosse (mm): 30 Breite (mm): 425 Sprossenabstand (mm): 280 Weitere Details Ergonomische, stranggepresste Seitenholme. Stahlf\u00fchrungen mit Innenkunststoffbeschichtung zur Verbesserung des Gleitens. Kippf\u00fc\u00dfe mit gr\u00f6\u00dferer Auflagefl\u00e4che. Ab 14 Sprossen R\u00e4der am oberen Ende, die die Leiter auf der Auflagefl\u00e4che vor Reibung sch\u00fctzen. Ab 8 Sprossen eingebauter, [&hellip;]<\/p>\n","protected":false},"featured_media":14256,"template":"","meta":{"inline_featured_image":false},"product_brand":[],"product_cat":[480],"product_tag":[],"class_list":{"0":"post-14254","1":"product","2":"type-product","3":"status-publish","4":"has-post-thumbnail","6":"product_cat-tragbare-leitern","8":"first","9":"instock","10":"shipping-taxable","11":"purchasable","12":"product-type-simple"},"_links":{"self":[{"href":"https:\/\/www.esla.eu\/de\/wp-json\/wp\/v2\/product\/14254","targetHints":{"allow":["GET"]}}],"collection":[{"href":"https:\/\/www.esla.eu\/de\/wp-json\/wp\/v2\/product"}],"about":[{"href":"https:\/\/www.esla.eu\/de\/wp-json\/wp\/v2\/types\/product"}],"wp:featuredmedia":[{"embeddable":true,"href":"https:\/\/www.esla.eu\/de\/wp-json\/wp\/v2\/media\/14256"}],"wp:attachment":[{"href":"https:\/\/www.esla.eu\/de\/wp-json\/wp\/v2\/media?parent=14254"}],"wp:term":[{"taxonomy":"product_brand","embeddable":true,"href":"https:\/\/www.esla.eu\/de\/wp-json\/wp\/v2\/product_brand?post=14254"},{"taxonomy":"product_cat","embeddable":true,"href":"https:\/\/www.esla.eu\/de\/wp-json\/wp\/v2\/product_cat?post=14254"},{"taxonomy":"product_tag","embeddable":true,"href":"https:\/\/www.esla.eu\/de\/wp-json\/wp\/v2\/product_tag?post=14254"}],"curies":[{"name":"wp","href":"https:\/\/api.w.org\/{rel}","templated":true}]}}