{"id":14260,"date":"2024-03-18T08:52:27","date_gmt":"2024-03-18T07:52:27","guid":{"rendered":"https:\/\/www.esla.eu\/productos\/unkategorisiert\/7075-fahrgeruest-advanced-safe-t-mit-stabilisator-plattformmasse-208-x-061-en-1004-modell-7075-03\/"},"modified":"2026-01-31T05:47:57","modified_gmt":"2026-01-31T04:47:57","slug":"7075-fahrgeruest-advanced-safe-t-mit-stabilisator-plattformmasse-208-x-061-en-1004-modell-7075-03","status":"publish","type":"product","link":"https:\/\/www.esla.eu\/de\/productos\/fahrgerust\/7075-fahrgeruest-advanced-safe-t-mit-stabilisator-plattformmasse-208-x-061-en-1004-modell-7075-03\/","title":{"rendered":"7075 &#8211; Fahrger\u00fcst ADVANCED SAFE-T mit Stabilisator. Plattformma\u00dfe: 2,08 x 0,61 EN 1004 Modell: 7075\/03"},"content":{"rendered":"<p><strong>Besondere Merkmale<\/strong><\/p>\n<p>Plattformma\u00dfe: 2,08 x 0,61 m<\/p>\n<p>Zul\u00e4ssige H\u00f6chstlast: 200 kg\/m\u00b2<\/p>\n<p>Es ist wichtig, die <strong>Montageanleitung und das Produktdatenblatt<\/strong> (Produktdokumentation) f\u00fcr das Zubeh\u00f6r zu konsultieren, das je nach interner, externer und sonstiger Verwendung erforderlich ist.<\/p>\n","protected":false},"excerpt":{"rendered":"<p>Besondere Merkmale Plattformma\u00dfe: 2,08 x 0,61 m Zul\u00e4ssige H\u00f6chstlast: 200 kg\/m\u00b2 Es ist wichtig, die Montageanleitung und das Produktdatenblatt (Produktdokumentation) f\u00fcr das Zubeh\u00f6r zu konsultieren, das je nach interner, externer und sonstiger Verwendung erforderlich ist.<\/p>\n","protected":false},"featured_media":14261,"template":"","meta":{"inline_featured_image":false},"product_brand":[],"product_cat":[486],"product_tag":[],"class_list":{"0":"post-14260","1":"product","2":"type-product","3":"status-publish","4":"has-post-thumbnail","6":"product_cat-fahrgerust","8":"first","9":"instock","10":"shipping-taxable","11":"product-type-simple"},"_links":{"self":[{"href":"https:\/\/www.esla.eu\/de\/wp-json\/wp\/v2\/product\/14260","targetHints":{"allow":["GET"]}}],"collection":[{"href":"https:\/\/www.esla.eu\/de\/wp-json\/wp\/v2\/product"}],"about":[{"href":"https:\/\/www.esla.eu\/de\/wp-json\/wp\/v2\/types\/product"}],"wp:featuredmedia":[{"embeddable":true,"href":"https:\/\/www.esla.eu\/de\/wp-json\/wp\/v2\/media\/14261"}],"wp:attachment":[{"href":"https:\/\/www.esla.eu\/de\/wp-json\/wp\/v2\/media?parent=14260"}],"wp:term":[{"taxonomy":"product_brand","embeddable":true,"href":"https:\/\/www.esla.eu\/de\/wp-json\/wp\/v2\/product_brand?post=14260"},{"taxonomy":"product_cat","embeddable":true,"href":"https:\/\/www.esla.eu\/de\/wp-json\/wp\/v2\/product_cat?post=14260"},{"taxonomy":"product_tag","embeddable":true,"href":"https:\/\/www.esla.eu\/de\/wp-json\/wp\/v2\/product_tag?post=14260"}],"curies":[{"name":"wp","href":"https:\/\/api.w.org\/{rel}","templated":true}]}}