{"id":14308,"date":"2024-03-13T11:39:41","date_gmt":"2024-03-13T10:39:41","guid":{"rendered":"https:\/\/www.esla.eu\/productos\/unkategorisiert\/f6100-einteilige-leiter-aus-fiberglas-en-131-1-en-131-2-und-en-50528\/"},"modified":"2026-01-31T07:55:46","modified_gmt":"2026-01-31T06:55:46","slug":"f6100-einteilige-leiter-aus-fiberglas-en-131-1-en-131-2-und-en-50528","status":"publish","type":"product","link":"https:\/\/www.esla.eu\/de\/productos\/tragbare-leitern\/f6100-einteilige-leiter-aus-fiberglas-en-131-1-en-131-2-und-en-50528\/","title":{"rendered":"F6100 \u2013 Einteilige Leiter aus Fiberglas EN 131.1 \u2013 EN 131.2 und EN 50528"},"content":{"rendered":"<p><strong>Besondere Merkmale<\/strong><\/p>\n<p>Ungef\u00e4hre maximale Arbeitsh\u00f6he (m): 7<\/p>\n<p>Neigung \u00b0: 75<\/p>\n<p>Sprosse (mm): 30<\/p>\n<p>Breite (mm): 400\/450<\/p>\n<p>Sprossenabstand (mm): 290<\/p>\n<p><strong>Weitere Details<\/strong><\/p>\n<p>Ausgestattet mit Kippschuhen ab Modell F6110. Niedrigere Modelle mit festen F\u00fc\u00dfen. <\/p>\n<p>Isolator gegen elektrische und thermische Einfl\u00fcsse.<\/p>\n<p>Antimagnetisch und best\u00e4ndig gegen Feuchtigkeit, S\u00e4uren, Korrosion und ultraviolette Strahlen.<\/p>\n<p>Schrauben und Beschl\u00e4ge aus Edelstahl.<\/p>\n<p>Holme durch Abdeckungen verschlossen und Sprossen mit Stopfen versiegelt.<\/p>\n","protected":false},"excerpt":{"rendered":"<p>Besondere Merkmale Ungef\u00e4hre maximale Arbeitsh\u00f6he (m): 7 Neigung \u00b0: 75 Sprosse (mm): 30 Breite (mm): 400\/450 Sprossenabstand (mm): 290 Weitere Details Ausgestattet mit Kippschuhen ab Modell F6110. Niedrigere Modelle mit festen F\u00fc\u00dfen. Isolator gegen elektrische und thermische Einfl\u00fcsse. Antimagnetisch und best\u00e4ndig gegen Feuchtigkeit, S\u00e4uren, Korrosion und ultraviolette Strahlen. Schrauben und Beschl\u00e4ge aus Edelstahl. Holme durch [&hellip;]<\/p>\n","protected":false},"featured_media":14310,"template":"","meta":{"inline_featured_image":false},"product_brand":[],"product_cat":[480],"product_tag":[],"class_list":{"0":"post-14308","1":"product","2":"type-product","3":"status-publish","4":"has-post-thumbnail","6":"product_cat-tragbare-leitern","8":"first","9":"instock","10":"shipping-taxable","11":"purchasable","12":"product-type-simple"},"_links":{"self":[{"href":"https:\/\/www.esla.eu\/de\/wp-json\/wp\/v2\/product\/14308","targetHints":{"allow":["GET"]}}],"collection":[{"href":"https:\/\/www.esla.eu\/de\/wp-json\/wp\/v2\/product"}],"about":[{"href":"https:\/\/www.esla.eu\/de\/wp-json\/wp\/v2\/types\/product"}],"wp:featuredmedia":[{"embeddable":true,"href":"https:\/\/www.esla.eu\/de\/wp-json\/wp\/v2\/media\/14310"}],"wp:attachment":[{"href":"https:\/\/www.esla.eu\/de\/wp-json\/wp\/v2\/media?parent=14308"}],"wp:term":[{"taxonomy":"product_brand","embeddable":true,"href":"https:\/\/www.esla.eu\/de\/wp-json\/wp\/v2\/product_brand?post=14308"},{"taxonomy":"product_cat","embeddable":true,"href":"https:\/\/www.esla.eu\/de\/wp-json\/wp\/v2\/product_cat?post=14308"},{"taxonomy":"product_tag","embeddable":true,"href":"https:\/\/www.esla.eu\/de\/wp-json\/wp\/v2\/product_tag?post=14308"}],"curies":[{"name":"wp","href":"https:\/\/api.w.org\/{rel}","templated":true}]}}