{"id":14314,"date":"2024-03-14T11:49:23","date_gmt":"2024-03-14T10:49:23","guid":{"rendered":"https:\/\/www.esla.eu\/productos\/unkategorisiert\/ft-scheren-glasfaserleiter-mit-doppeltem-zugang-en131-1-2-und-en-50528\/"},"modified":"2026-01-31T07:11:37","modified_gmt":"2026-01-31T06:11:37","slug":"ft-scheren-glasfaserleiter-mit-doppeltem-zugang-en131-1-2-und-en-50528","status":"publish","type":"product","link":"https:\/\/www.esla.eu\/de\/productos\/tragbare-leitern\/ft-scheren-glasfaserleiter-mit-doppeltem-zugang-en131-1-2-und-en-50528\/","title":{"rendered":"FT Scheren-Glasfaserleiter mit doppeltem Zugang EN131.1-2 und EN 50528"},"content":{"rendered":"<p><strong>Besondere Merkmale<\/strong><\/p>\n<p>Ungef\u00e4hre maximale Arbeitsh\u00f6he (m): 11<\/p>\n<p>Neigung \u00b0: 75<\/p>\n<p>Sprosse (mm): 30<\/p>\n<p>Breite (mm): 400<\/p>\n<p>Sprossenabstand (mm): 280<\/p>\n<p><strong>Weitere Details<\/strong><\/p>\n<p>Um die Standfl\u00e4che gem\u00e4\u00df der Norm UNE-EN 131 zu vergr\u00f6\u00dfern, ist die Leiter mit einer Basistraverse mit rutschfesten Gummipads ausgestattet.<\/p>\n<p>Sie verf\u00fcgt \u00fcber zwei Anti-\u00d6ffnungsb\u00e4nder, die zwischen den beiden Leiterteilen angebracht sind.<\/p>\n<p>Isolator gegen elektrische und thermische Einfl\u00fcsse.<\/p>\n<p>Antimagnetisch und best\u00e4ndig gegen Feuchtigkeit, S\u00e4uren, Korrosion und ultraviolette Strahlen.<\/p>\n<p>Schrauben und Beschl\u00e4ge aus Edelstahl.<\/p>\n<p>Holme durch Abdeckungen verschlossen und Sprossen mit Stopfen versiegelt.<\/p>\n","protected":false},"excerpt":{"rendered":"<p>Besondere Merkmale Ungef\u00e4hre maximale Arbeitsh\u00f6he (m): 11 Neigung \u00b0: 75 Sprosse (mm): 30 Breite (mm): 400 Sprossenabstand (mm): 280 Weitere Details Um die Standfl\u00e4che gem\u00e4\u00df der Norm UNE-EN 131 zu vergr\u00f6\u00dfern, ist die Leiter mit einer Basistraverse mit rutschfesten Gummipads ausgestattet. Sie verf\u00fcgt \u00fcber zwei Anti-\u00d6ffnungsb\u00e4nder, die zwischen den beiden Leiterteilen angebracht sind. Isolator gegen [&hellip;]<\/p>\n","protected":false},"featured_media":14316,"template":"","meta":{"inline_featured_image":false},"product_brand":[],"product_cat":[480],"product_tag":[],"class_list":{"0":"post-14314","1":"product","2":"type-product","3":"status-publish","4":"has-post-thumbnail","6":"product_cat-tragbare-leitern","8":"first","9":"instock","10":"shipping-taxable","11":"purchasable","12":"product-type-simple"},"_links":{"self":[{"href":"https:\/\/www.esla.eu\/de\/wp-json\/wp\/v2\/product\/14314","targetHints":{"allow":["GET"]}}],"collection":[{"href":"https:\/\/www.esla.eu\/de\/wp-json\/wp\/v2\/product"}],"about":[{"href":"https:\/\/www.esla.eu\/de\/wp-json\/wp\/v2\/types\/product"}],"wp:featuredmedia":[{"embeddable":true,"href":"https:\/\/www.esla.eu\/de\/wp-json\/wp\/v2\/media\/14316"}],"wp:attachment":[{"href":"https:\/\/www.esla.eu\/de\/wp-json\/wp\/v2\/media?parent=14314"}],"wp:term":[{"taxonomy":"product_brand","embeddable":true,"href":"https:\/\/www.esla.eu\/de\/wp-json\/wp\/v2\/product_brand?post=14314"},{"taxonomy":"product_cat","embeddable":true,"href":"https:\/\/www.esla.eu\/de\/wp-json\/wp\/v2\/product_cat?post=14314"},{"taxonomy":"product_tag","embeddable":true,"href":"https:\/\/www.esla.eu\/de\/wp-json\/wp\/v2\/product_tag?post=14314"}],"curies":[{"name":"wp","href":"https:\/\/api.w.org\/{rel}","templated":true}]}}