{"id":14320,"date":"2024-03-13T12:09:31","date_gmt":"2024-03-13T11:09:31","guid":{"rendered":"https:\/\/www.esla.eu\/productos\/unkategorisiert\/6051-ausziehbare-leiter-2-mechanische-teile-en131-1-2\/"},"modified":"2026-01-31T07:53:49","modified_gmt":"2026-01-31T06:53:49","slug":"6051-ausziehbare-leiter-2-mechanische-teile-en131-1-2","status":"publish","type":"product","link":"https:\/\/www.esla.eu\/de\/productos\/tragbare-leitern\/6051-ausziehbare-leiter-2-mechanische-teile-en131-1-2\/","title":{"rendered":"6051 &#8211; Ausziehbare Leiter, 2 mechanische Teile, EN131.1-2"},"content":{"rendered":"<p><strong>Besondere Merkmale<\/strong><\/p>\n<p>Ungef\u00e4hre maximale Arbeitsh\u00f6he (m): 12<\/p>\n<p>Neigung \u00b0: 75<\/p>\n<p>Sprosse (mm): 30<\/p>\n<p>Breite (mm): 355 \/ 425<\/p>\n<p>Sprossenabstand (mm): 280<\/p>\n<p><strong>Weitere Details<\/strong><\/p>\n<p>Stahlf\u00fchrungen mit Innenkunststoffbeschichtung zur Verbesserung des Gleitens.<\/p>\n<p>Kippf\u00fc\u00dfe mit gr\u00f6\u00dferer Auflagefl\u00e4che.<\/p>\n<p>Teleskop- und klappbare Stabilisatoren<\/p>\n<p>R\u00e4der am oberen Ende sch\u00fctzen die Leiter an der Auflagefl\u00e4che vor Reibung.<\/p>\n<p>12-mm-Seil.<\/p>\n<p>Das Fl\u00fcgelprofildesign bietet besseres Gleiten.<\/p>\n<p>M\u00f6glichkeit, die Leiter in der Verl\u00e4ngerung von au\u00dfen zu nehmen, ohne sich die Finger einzuklemmen.<\/p>\n","protected":false},"excerpt":{"rendered":"<p>Besondere Merkmale Ungef\u00e4hre maximale Arbeitsh\u00f6he (m): 12 Neigung \u00b0: 75 Sprosse (mm): 30 Breite (mm): 355 \/ 425 Sprossenabstand (mm): 280 Weitere Details Stahlf\u00fchrungen mit Innenkunststoffbeschichtung zur Verbesserung des Gleitens. Kippf\u00fc\u00dfe mit gr\u00f6\u00dferer Auflagefl\u00e4che. Teleskop- und klappbare Stabilisatoren R\u00e4der am oberen Ende sch\u00fctzen die Leiter an der Auflagefl\u00e4che vor Reibung. 12-mm-Seil. Das Fl\u00fcgelprofildesign bietet besseres [&hellip;]<\/p>\n","protected":false},"featured_media":14322,"template":"","meta":{"inline_featured_image":false},"product_brand":[],"product_cat":[480],"product_tag":[],"class_list":{"0":"post-14320","1":"product","2":"type-product","3":"status-publish","4":"has-post-thumbnail","6":"product_cat-tragbare-leitern","8":"first","9":"instock","10":"shipping-taxable","11":"purchasable","12":"product-type-simple"},"_links":{"self":[{"href":"https:\/\/www.esla.eu\/de\/wp-json\/wp\/v2\/product\/14320","targetHints":{"allow":["GET"]}}],"collection":[{"href":"https:\/\/www.esla.eu\/de\/wp-json\/wp\/v2\/product"}],"about":[{"href":"https:\/\/www.esla.eu\/de\/wp-json\/wp\/v2\/types\/product"}],"wp:featuredmedia":[{"embeddable":true,"href":"https:\/\/www.esla.eu\/de\/wp-json\/wp\/v2\/media\/14322"}],"wp:attachment":[{"href":"https:\/\/www.esla.eu\/de\/wp-json\/wp\/v2\/media?parent=14320"}],"wp:term":[{"taxonomy":"product_brand","embeddable":true,"href":"https:\/\/www.esla.eu\/de\/wp-json\/wp\/v2\/product_brand?post=14320"},{"taxonomy":"product_cat","embeddable":true,"href":"https:\/\/www.esla.eu\/de\/wp-json\/wp\/v2\/product_cat?post=14320"},{"taxonomy":"product_tag","embeddable":true,"href":"https:\/\/www.esla.eu\/de\/wp-json\/wp\/v2\/product_tag?post=14320"}],"curies":[{"name":"wp","href":"https:\/\/api.w.org\/{rel}","templated":true}]}}