{"id":14330,"date":"2024-03-13T11:19:52","date_gmt":"2024-03-13T10:19:52","guid":{"rendered":"https:\/\/www.esla.eu\/productos\/unkategorisiert\/f6tpw-scheren-glasfaserleiter-mit-plattform-en-131-1-en-131-2-und-en-50528\/"},"modified":"2026-01-31T07:58:47","modified_gmt":"2026-01-31T06:58:47","slug":"f6tpw-scheren-glasfaserleiter-mit-plattform-en-131-1-en-131-2-und-en-50528","status":"publish","type":"product","link":"https:\/\/www.esla.eu\/de\/productos\/tragbare-leitern\/f6tpw-scheren-glasfaserleiter-mit-plattform-en-131-1-en-131-2-und-en-50528\/","title":{"rendered":"F6TPW Scheren-Glasfaserleiter mit Plattform EN 131.1 &#8211; EN 131.2 und EN 50528"},"content":{"rendered":"<p><strong>Besondere Merkmale<\/strong><\/p>\n<p>Ungef\u00e4hre maximale Arbeitsh\u00f6he (m): 3,49<\/p>\n<p>Neigung \u00b0: 68<\/p>\n<p>Sprosse (mm): 82<\/p>\n<p>Sprossenabstand (mm): 280<\/p>\n<p><strong>Weitere Details<\/strong><\/p>\n<p>Komplett aus glasfaserverst\u00e4rktem Polyester, sowohl der Aufstiegs- als auch der St\u00fctzteil.<\/p>\n<p>Isolierende Treppe gegen elektrische und thermische Einfl\u00fcsse. Antimagnetisch und best\u00e4ndig gegen Feuchtigkeit, S\u00e4uren, Korrosion und ultraviolette Strahlen.<\/p>\n<p>31\u00d733 cm rutschfeste Plattform. Hergestellt aus glasfaserverst\u00e4rktem Polyester.<\/p>\n<p>Schrauben und Beschl\u00e4ge aus Edelstahl.<\/p>\n<p>Anti-\u00d6ffnungs-B\u00e4nder.<\/p>\n<p>Obere Werkzeugablage.<\/p>\n<p>Querverstrebungen an der Basis zur Erh\u00f6hung der Stabilit\u00e4t.<\/p>\n","protected":false},"excerpt":{"rendered":"<p>Besondere Merkmale Ungef\u00e4hre maximale Arbeitsh\u00f6he (m): 3,49 Neigung \u00b0: 68 Sprosse (mm): 82 Sprossenabstand (mm): 280 Weitere Details Komplett aus glasfaserverst\u00e4rktem Polyester, sowohl der Aufstiegs- als auch der St\u00fctzteil. Isolierende Treppe gegen elektrische und thermische Einfl\u00fcsse. Antimagnetisch und best\u00e4ndig gegen Feuchtigkeit, S\u00e4uren, Korrosion und ultraviolette Strahlen. 31\u00d733 cm rutschfeste Plattform. Hergestellt aus glasfaserverst\u00e4rktem Polyester. Schrauben [&hellip;]<\/p>\n","protected":false},"featured_media":14336,"template":"","meta":{"inline_featured_image":false},"product_brand":[],"product_cat":[480],"product_tag":[],"class_list":{"0":"post-14330","1":"product","2":"type-product","3":"status-publish","4":"has-post-thumbnail","6":"product_cat-tragbare-leitern","8":"first","9":"instock","10":"shipping-taxable","11":"purchasable","12":"product-type-simple"},"_links":{"self":[{"href":"https:\/\/www.esla.eu\/de\/wp-json\/wp\/v2\/product\/14330","targetHints":{"allow":["GET"]}}],"collection":[{"href":"https:\/\/www.esla.eu\/de\/wp-json\/wp\/v2\/product"}],"about":[{"href":"https:\/\/www.esla.eu\/de\/wp-json\/wp\/v2\/types\/product"}],"wp:featuredmedia":[{"embeddable":true,"href":"https:\/\/www.esla.eu\/de\/wp-json\/wp\/v2\/media\/14336"}],"wp:attachment":[{"href":"https:\/\/www.esla.eu\/de\/wp-json\/wp\/v2\/media?parent=14330"}],"wp:term":[{"taxonomy":"product_brand","embeddable":true,"href":"https:\/\/www.esla.eu\/de\/wp-json\/wp\/v2\/product_brand?post=14330"},{"taxonomy":"product_cat","embeddable":true,"href":"https:\/\/www.esla.eu\/de\/wp-json\/wp\/v2\/product_cat?post=14330"},{"taxonomy":"product_tag","embeddable":true,"href":"https:\/\/www.esla.eu\/de\/wp-json\/wp\/v2\/product_tag?post=14330"}],"curies":[{"name":"wp","href":"https:\/\/api.w.org\/{rel}","templated":true}]}}