{"id":14343,"date":"2024-03-13T13:56:09","date_gmt":"2024-03-13T12:56:09","guid":{"rendered":"https:\/\/www.esla.eu\/productos\/unkategorisiert\/6060-6061-scherenleiter-mit-grosser-plattform-en131-1-2\/"},"modified":"2026-01-31T07:50:00","modified_gmt":"2026-01-31T06:50:00","slug":"6060-6061-scherenleiter-mit-grosser-plattform-en131-1-2","status":"publish","type":"product","link":"https:\/\/www.esla.eu\/de\/productos\/tragbare-leitern\/6060-6061-scherenleiter-mit-grosser-plattform-en131-1-2\/","title":{"rendered":"6060-6061 \u2013 Scherenleiter mit gro\u00dfer Plattform EN131.1-2"},"content":{"rendered":"<p><strong>Besondere Merkmale 6060:<\/strong><\/p>\n<p>Ungef\u00e4hre maximale Arbeitsh\u00f6he (m): 2,20<\/p>\n<p>Neigung \u00b0: 47<\/p>\n<p>Sprosse (mm): 230<\/p>\n<p>Sprossenabstand (mm): 250<\/p>\n<p><strong>Weitere Details<\/strong><\/p>\n<p>Klappleiter.<\/p>\n<p>Stufen mit rutschfester Gummibeschichtung.<\/p>\n<p>Solide Verst\u00e4rkung, widerstandsf\u00e4hig gegen Druck und Zug zwischen Leiter und St\u00fctzteil.<\/p>\n<p>&nbsp;<\/p>\n<p><strong>Besondere Merkmale 6061:<\/strong><\/p>\n<p>Ungef\u00e4hre maximale Arbeitsh\u00f6he (m): 2,65<\/p>\n<p>Neigung \u00b0: 47<\/p>\n<p>Sprosse (mm): 230<\/p>\n<p>Sprossenabstand (mm): 250<\/p>\n<p><strong>Weitere Details<\/strong><\/p>\n<p>Klappleiter.<\/p>\n<p>Stufen mit rutschfester Gummibeschichtung.<\/p>\n<p>Solide Verst\u00e4rkung, widerstandsf\u00e4hig gegen Druck und Zug zwischen Leiter und St\u00fctzteil.<\/p>\n<p>Mit Schutzgel\u00e4nder und Ablage.<\/p>\n","protected":false},"excerpt":{"rendered":"<p>Besondere Merkmale 6060: Ungef\u00e4hre maximale Arbeitsh\u00f6he (m): 2,20 Neigung \u00b0: 47 Sprosse (mm): 230 Sprossenabstand (mm): 250 Weitere Details Klappleiter. Stufen mit rutschfester Gummibeschichtung. Solide Verst\u00e4rkung, widerstandsf\u00e4hig gegen Druck und Zug zwischen Leiter und St\u00fctzteil. &nbsp; Besondere Merkmale 6061: Ungef\u00e4hre maximale Arbeitsh\u00f6he (m): 2,65 Neigung \u00b0: 47 Sprosse (mm): 230 Sprossenabstand (mm): 250 Weitere Details [&hellip;]<\/p>\n","protected":false},"featured_media":14352,"template":"","meta":{"inline_featured_image":false},"product_brand":[],"product_cat":[480],"product_tag":[],"class_list":{"0":"post-14343","1":"product","2":"type-product","3":"status-publish","4":"has-post-thumbnail","6":"product_cat-tragbare-leitern","8":"first","9":"instock","10":"shipping-taxable","11":"purchasable","12":"product-type-simple"},"_links":{"self":[{"href":"https:\/\/www.esla.eu\/de\/wp-json\/wp\/v2\/product\/14343","targetHints":{"allow":["GET"]}}],"collection":[{"href":"https:\/\/www.esla.eu\/de\/wp-json\/wp\/v2\/product"}],"about":[{"href":"https:\/\/www.esla.eu\/de\/wp-json\/wp\/v2\/types\/product"}],"wp:featuredmedia":[{"embeddable":true,"href":"https:\/\/www.esla.eu\/de\/wp-json\/wp\/v2\/media\/14352"}],"wp:attachment":[{"href":"https:\/\/www.esla.eu\/de\/wp-json\/wp\/v2\/media?parent=14343"}],"wp:term":[{"taxonomy":"product_brand","embeddable":true,"href":"https:\/\/www.esla.eu\/de\/wp-json\/wp\/v2\/product_brand?post=14343"},{"taxonomy":"product_cat","embeddable":true,"href":"https:\/\/www.esla.eu\/de\/wp-json\/wp\/v2\/product_cat?post=14343"},{"taxonomy":"product_tag","embeddable":true,"href":"https:\/\/www.esla.eu\/de\/wp-json\/wp\/v2\/product_tag?post=14343"}],"curies":[{"name":"wp","href":"https:\/\/api.w.org\/{rel}","templated":true}]}}