{"id":14358,"date":"2024-03-13T12:30:21","date_gmt":"2024-03-13T11:30:21","guid":{"rendered":"https:\/\/www.esla.eu\/productos\/unkategorisiert\/f7200m-2-teilige-handbetaetigte-fiberglas-schiebeleiter-en-131-1-en-131-2-und-en-50528\/"},"modified":"2026-01-31T07:52:18","modified_gmt":"2026-01-31T06:52:18","slug":"f7200m-2-teilige-handbetaetigte-fiberglas-schiebeleiter-en-131-1-en-131-2-und-en-50528","status":"publish","type":"product","link":"https:\/\/www.esla.eu\/de\/productos\/tragbare-leitern\/f7200m-2-teilige-handbetaetigte-fiberglas-schiebeleiter-en-131-1-en-131-2-und-en-50528\/","title":{"rendered":"F7200M 2-teilige, handbet\u00e4tigte Fiberglas-Schiebeleiter EN 131.1 &#8211; EN 131.2 und EN 50528"},"content":{"rendered":"<p><strong>Herausragende Merkmale<\/strong><\/p>\n<p>Ungef\u00e4hre maximale Arbeitsh\u00f6he (m): 11<\/p>\n<p>Neigung \u00b0: 75<\/p>\n<p>Sprosse (mm): 30<\/p>\n<p>Breite (mm): 450\/500<\/p>\n<p>Sprossenabstand (mm): 280<\/p>\n<p><strong>Weitere Details<\/strong><\/p>\n<p>Die unterste Sprosse des Basisteils und die oberste Sprosse des Auszugteils sind verst\u00e4rkt.<\/p>\n<p>Sie k\u00f6nnen mit den 2 Teilen separat arbeiten<\/p>\n<p>Ausgestattet mit kippbaren Schuhen.<\/p>\n<p>H\u00f6henverstellbare Beine, optional.<\/p>\n<p>Isolator gegen elektrische und thermische Einfl\u00fcsse.<\/p>\n<p>Antimagnetisch und best\u00e4ndig gegen Feuchtigkeit, S\u00e4uren, Korrosion und ultraviolette Strahlen.<\/p>\n<p>Schrauben und Beschl\u00e4ge aus Edelstahl.<\/p>\n<p>Gleitrollen f\u00fcr Fassaden ab Modell F7210M (nicht in niedrigeren Modellen enthalten).<\/p>\n<p>Holme durch Abdeckungen verschlossen und Sprossen mit Stopfen versiegelt.<\/p>\n<p>Gleitrollen zwischen den Teilen, um den Verschlei\u00df der Profile zu vermeiden.<\/p>\n","protected":false},"excerpt":{"rendered":"<p>Herausragende Merkmale Ungef\u00e4hre maximale Arbeitsh\u00f6he (m): 11 Neigung \u00b0: 75 Sprosse (mm): 30 Breite (mm): 450\/500 Sprossenabstand (mm): 280 Weitere Details Die unterste Sprosse des Basisteils und die oberste Sprosse des Auszugteils sind verst\u00e4rkt. Sie k\u00f6nnen mit den 2 Teilen separat arbeiten Ausgestattet mit kippbaren Schuhen. H\u00f6henverstellbare Beine, optional. Isolator gegen elektrische und thermische Einfl\u00fcsse. [&hellip;]<\/p>\n","protected":false},"featured_media":14360,"template":"","meta":{"inline_featured_image":false},"product_brand":[],"product_cat":[480],"product_tag":[],"class_list":{"0":"post-14358","1":"product","2":"type-product","3":"status-publish","4":"has-post-thumbnail","6":"product_cat-tragbare-leitern","8":"first","9":"instock","10":"shipping-taxable","11":"purchasable","12":"product-type-simple"},"_links":{"self":[{"href":"https:\/\/www.esla.eu\/de\/wp-json\/wp\/v2\/product\/14358","targetHints":{"allow":["GET"]}}],"collection":[{"href":"https:\/\/www.esla.eu\/de\/wp-json\/wp\/v2\/product"}],"about":[{"href":"https:\/\/www.esla.eu\/de\/wp-json\/wp\/v2\/types\/product"}],"wp:featuredmedia":[{"embeddable":true,"href":"https:\/\/www.esla.eu\/de\/wp-json\/wp\/v2\/media\/14360"}],"wp:attachment":[{"href":"https:\/\/www.esla.eu\/de\/wp-json\/wp\/v2\/media?parent=14358"}],"wp:term":[{"taxonomy":"product_brand","embeddable":true,"href":"https:\/\/www.esla.eu\/de\/wp-json\/wp\/v2\/product_brand?post=14358"},{"taxonomy":"product_cat","embeddable":true,"href":"https:\/\/www.esla.eu\/de\/wp-json\/wp\/v2\/product_cat?post=14358"},{"taxonomy":"product_tag","embeddable":true,"href":"https:\/\/www.esla.eu\/de\/wp-json\/wp\/v2\/product_tag?post=14358"}],"curies":[{"name":"wp","href":"https:\/\/api.w.org\/{rel}","templated":true}]}}