{"id":14364,"date":"2024-03-13T13:13:06","date_gmt":"2024-03-13T12:13:06","guid":{"rendered":"https:\/\/www.esla.eu\/productos\/unkategorisiert\/f-alm-55-glasfaser-rollgeruesttreppe-55o-en-131-7-und-en-61478\/"},"modified":"2026-01-31T07:51:31","modified_gmt":"2026-01-31T06:51:31","slug":"f-alm-55-glasfaser-rollgeruesttreppe-55o-en-131-7-und-en-61478","status":"publish","type":"product","link":"https:\/\/www.esla.eu\/de\/productos\/tragbare-leitern\/f-alm-55-glasfaser-rollgeruesttreppe-55o-en-131-7-und-en-61478\/","title":{"rendered":"F-ALM-55 Glasfaser-Rollger\u00fcsttreppe 55\u00ba EN 131-7 und EN 61478"},"content":{"rendered":"<p>-Glasfaserleiter, isolierend gegen elektrische und thermische Einfl\u00fcsse.<\/p>\n<p>-Antimagnetische Leiter und best\u00e4ndig gegen Feuchtigkeit, S\u00e4uren, Korrosion und ultraviolette Strahlen.<\/p>\n<p>-605\u00d7805 mm Plattform aus Glasfaser-Sicherheits-Tramex.<\/p>\n<p>-Stufenabstand 28 cm.<\/p>\n<p>-Neigung des Aufstiegsteils: 55\u00ba (Auf- und Abstieg mit Blick auf die Stufen)<\/p>\n<p>-Glasfaserstufen mit einer Trittfl\u00e4che von 164 mm.<\/p>\n<p>-Schrauben und Beschl\u00e4ge aus Edelstahl.<\/p>\n<p>-Vier Lenkrollen mit Bremsen.<\/p>\n<p>-Holme durch Abdeckungen verschlossen und Stufen mit Stopfen versiegelt.<\/p>\n<p>-Hergestellt in \u00dcbereinstimmung mit der Norm UNE-EN 131-7 f\u00fcr fahrbare Treppen mit Plattform.<\/p>\n<p>-100-kV-Isolationspr\u00fcfungen gem\u00e4\u00df UNE-EN 61478-Norm f\u00fcr isolierende Materialtreppen.<\/p>\n","protected":false},"excerpt":{"rendered":"<p>-Glasfaserleiter, isolierend gegen elektrische und thermische Einfl\u00fcsse. -Antimagnetische Leiter und best\u00e4ndig gegen Feuchtigkeit, S\u00e4uren, Korrosion und ultraviolette Strahlen. -605\u00d7805 mm Plattform aus Glasfaser-Sicherheits-Tramex. -Stufenabstand 28 cm. -Neigung des Aufstiegsteils: 55\u00ba (Auf- und Abstieg mit Blick auf die Stufen) -Glasfaserstufen mit einer Trittfl\u00e4che von 164 mm. -Schrauben und Beschl\u00e4ge aus Edelstahl. -Vier Lenkrollen mit Bremsen. -Holme [&hellip;]<\/p>\n","protected":false},"featured_media":14365,"template":"","meta":{"inline_featured_image":false},"product_brand":[],"product_cat":[480],"product_tag":[],"class_list":{"0":"post-14364","1":"product","2":"type-product","3":"status-publish","4":"has-post-thumbnail","6":"product_cat-tragbare-leitern","8":"first","9":"instock","10":"shipping-taxable","11":"purchasable","12":"product-type-simple"},"_links":{"self":[{"href":"https:\/\/www.esla.eu\/de\/wp-json\/wp\/v2\/product\/14364","targetHints":{"allow":["GET"]}}],"collection":[{"href":"https:\/\/www.esla.eu\/de\/wp-json\/wp\/v2\/product"}],"about":[{"href":"https:\/\/www.esla.eu\/de\/wp-json\/wp\/v2\/types\/product"}],"wp:featuredmedia":[{"embeddable":true,"href":"https:\/\/www.esla.eu\/de\/wp-json\/wp\/v2\/media\/14365"}],"wp:attachment":[{"href":"https:\/\/www.esla.eu\/de\/wp-json\/wp\/v2\/media?parent=14364"}],"wp:term":[{"taxonomy":"product_brand","embeddable":true,"href":"https:\/\/www.esla.eu\/de\/wp-json\/wp\/v2\/product_brand?post=14364"},{"taxonomy":"product_cat","embeddable":true,"href":"https:\/\/www.esla.eu\/de\/wp-json\/wp\/v2\/product_cat?post=14364"},{"taxonomy":"product_tag","embeddable":true,"href":"https:\/\/www.esla.eu\/de\/wp-json\/wp\/v2\/product_tag?post=14364"}],"curies":[{"name":"wp","href":"https:\/\/api.w.org\/{rel}","templated":true}]}}