{"id":14380,"date":"2024-03-13T10:56:04","date_gmt":"2024-03-13T09:56:04","guid":{"rendered":"https:\/\/www.esla.eu\/productos\/unkategorisiert\/6045-aluminium-mehrzweckleiter-2-teilig-en131-1-2\/"},"modified":"2026-01-31T07:59:28","modified_gmt":"2026-01-31T06:59:28","slug":"6045-aluminium-mehrzweckleiter-2-teilig-en131-1-2","status":"publish","type":"product","link":"https:\/\/www.esla.eu\/de\/productos\/tragbare-leitern\/6045-aluminium-mehrzweckleiter-2-teilig-en131-1-2\/","title":{"rendered":"6045 &#8211; Aluminium-Mehrzweckleiter 2-teilig EN131.1-2"},"content":{"rendered":"<p>&lt;strong&gt;Besondere Merkmale&lt;\/strong&gt;<\/p>\n<p>Ungef\u00e4hre maximale Arbeitsh\u00f6he (m): 8 gest\u00fctzt \/ 5 ungest\u00fctzt<\/p>\n<p>Neigung \u00b0: 75<\/p>\n<p>Stufe (mm): 30<\/p>\n<p>Breite (mm): 355\/425 (960-1150)<\/p>\n<p>Stufenabstand (mm): 280<\/p>\n<p>&lt;strong&gt;Weitere Details&lt;\/strong&gt;<\/p>\n<p>Ergonomische, stranggepresste Holme.<\/p>\n<p>Stahlf\u00fchrungen mit Innenkunststoffbeschichtung zur Verbesserung des Gleitens.<\/p>\n<p>Gebogener Stabilisator, der 125 mm Bodenfreiheit bietet<\/p>\n","protected":false},"excerpt":{"rendered":"<p>&lt;strong&gt;Besondere Merkmale&lt;\/strong&gt; Ungef\u00e4hre maximale Arbeitsh\u00f6he (m): 8 gest\u00fctzt \/ 5 ungest\u00fctzt Neigung \u00b0: 75 Stufe (mm): 30 Breite (mm): 355\/425 (960-1150) Stufenabstand (mm): 280 &lt;strong&gt;Weitere Details&lt;\/strong&gt; Ergonomische, stranggepresste Holme. Stahlf\u00fchrungen mit Innenkunststoffbeschichtung zur Verbesserung des Gleitens. Gebogener Stabilisator, der 125 mm Bodenfreiheit bietet<\/p>\n","protected":false},"featured_media":14382,"template":"","meta":{"inline_featured_image":false},"product_brand":[],"product_cat":[480],"product_tag":[],"class_list":{"0":"post-14380","1":"product","2":"type-product","3":"status-publish","4":"has-post-thumbnail","6":"product_cat-tragbare-leitern","8":"first","9":"instock","10":"shipping-taxable","11":"purchasable","12":"product-type-simple"},"_links":{"self":[{"href":"https:\/\/www.esla.eu\/de\/wp-json\/wp\/v2\/product\/14380","targetHints":{"allow":["GET"]}}],"collection":[{"href":"https:\/\/www.esla.eu\/de\/wp-json\/wp\/v2\/product"}],"about":[{"href":"https:\/\/www.esla.eu\/de\/wp-json\/wp\/v2\/types\/product"}],"wp:featuredmedia":[{"embeddable":true,"href":"https:\/\/www.esla.eu\/de\/wp-json\/wp\/v2\/media\/14382"}],"wp:attachment":[{"href":"https:\/\/www.esla.eu\/de\/wp-json\/wp\/v2\/media?parent=14380"}],"wp:term":[{"taxonomy":"product_brand","embeddable":true,"href":"https:\/\/www.esla.eu\/de\/wp-json\/wp\/v2\/product_brand?post=14380"},{"taxonomy":"product_cat","embeddable":true,"href":"https:\/\/www.esla.eu\/de\/wp-json\/wp\/v2\/product_cat?post=14380"},{"taxonomy":"product_tag","embeddable":true,"href":"https:\/\/www.esla.eu\/de\/wp-json\/wp\/v2\/product_tag?post=14380"}],"curies":[{"name":"wp","href":"https:\/\/api.w.org\/{rel}","templated":true}]}}