{"id":14410,"date":"2024-03-13T09:10:39","date_gmt":"2024-03-13T08:10:39","guid":{"rendered":"https:\/\/www.esla.eu\/productos\/unkategorisiert\/4061-leiter-3-mechanische-teile-ausziehbar-en131-1-2\/"},"modified":"2026-01-31T08:32:05","modified_gmt":"2026-01-31T07:32:05","slug":"4061-leiter-3-mechanische-teile-ausziehbar-en131-1-2","status":"publish","type":"product","link":"https:\/\/www.esla.eu\/de\/productos\/tragbare-leitern\/4061-leiter-3-mechanische-teile-ausziehbar-en131-1-2\/","title":{"rendered":"4061 &#8211; Leiter 3 mechanische Teile ausziehbar EN131.1-2"},"content":{"rendered":"<p><strong>Besondere Merkmale<\/strong><\/p>\n<p>Ungef\u00e4hre maximale Arbeitsh\u00f6he (m): 12<\/p>\n<p>Neigung \u00b0: 75<\/p>\n<p>Sprosse (mm): 30<\/p>\n<p>Breite (mm): 355 \/ 425 \/ 490<\/p>\n<p>Sprossenabstand (mm): 280<\/p>\n<p><strong>Weitere Details<\/strong><\/p>\n<p>Ergonomische, stranggepresste Seitenholme.<\/p>\n<p>F\u00fchrungen aus Stahl.<\/p>\n<p>Eingebettete F\u00fc\u00dfe.<\/p>\n<p>R\u00e4der am oberen Ende sch\u00fctzen die Leiter an der Auflagefl\u00e4che vor Reibung.<\/p>\n<p>Das Seil im oberen Teil ist 10 mm blau, und das mittlere zur Unterscheidung ist 12 mm orange.<\/p>\n","protected":false},"excerpt":{"rendered":"<p>Besondere Merkmale Ungef\u00e4hre maximale Arbeitsh\u00f6he (m): 12 Neigung \u00b0: 75 Sprosse (mm): 30 Breite (mm): 355 \/ 425 \/ 490 Sprossenabstand (mm): 280 Weitere Details Ergonomische, stranggepresste Seitenholme. F\u00fchrungen aus Stahl. Eingebettete F\u00fc\u00dfe. R\u00e4der am oberen Ende sch\u00fctzen die Leiter an der Auflagefl\u00e4che vor Reibung. Das Seil im oberen Teil ist 10 mm blau, und [&hellip;]<\/p>\n","protected":false},"featured_media":14412,"template":"","meta":{"inline_featured_image":false},"product_brand":[],"product_cat":[480],"product_tag":[],"class_list":{"0":"post-14410","1":"product","2":"type-product","3":"status-publish","4":"has-post-thumbnail","6":"product_cat-tragbare-leitern","8":"first","9":"instock","10":"shipping-taxable","11":"purchasable","12":"product-type-simple"},"_links":{"self":[{"href":"https:\/\/www.esla.eu\/de\/wp-json\/wp\/v2\/product\/14410","targetHints":{"allow":["GET"]}}],"collection":[{"href":"https:\/\/www.esla.eu\/de\/wp-json\/wp\/v2\/product"}],"about":[{"href":"https:\/\/www.esla.eu\/de\/wp-json\/wp\/v2\/types\/product"}],"wp:featuredmedia":[{"embeddable":true,"href":"https:\/\/www.esla.eu\/de\/wp-json\/wp\/v2\/media\/14412"}],"wp:attachment":[{"href":"https:\/\/www.esla.eu\/de\/wp-json\/wp\/v2\/media?parent=14410"}],"wp:term":[{"taxonomy":"product_brand","embeddable":true,"href":"https:\/\/www.esla.eu\/de\/wp-json\/wp\/v2\/product_brand?post=14410"},{"taxonomy":"product_cat","embeddable":true,"href":"https:\/\/www.esla.eu\/de\/wp-json\/wp\/v2\/product_cat?post=14410"},{"taxonomy":"product_tag","embeddable":true,"href":"https:\/\/www.esla.eu\/de\/wp-json\/wp\/v2\/product_tag?post=14410"}],"curies":[{"name":"wp","href":"https:\/\/api.w.org\/{rel}","templated":true}]}}