{"id":14423,"date":"2024-03-13T10:00:35","date_gmt":"2024-03-13T09:00:35","guid":{"rendered":"https:\/\/www.esla.eu\/productos\/unkategorisiert\/6012-leiter-1-teilig-en131-1-2\/"},"modified":"2026-01-31T08:28:58","modified_gmt":"2026-01-31T07:28:58","slug":"6012-leiter-1-teilig-en131-1-2","status":"publish","type":"product","link":"https:\/\/www.esla.eu\/de\/productos\/tragbare-leitern\/6012-leiter-1-teilig-en131-1-2\/","title":{"rendered":"6012 &#8211; Leiter 1-teilig EN131.1-2"},"content":{"rendered":"<p><strong>Besondere Merkmale<\/strong><\/p>\n<p>Ungef\u00e4hre maximale Arbeitsh\u00f6he (m): 3,34<\/p>\n<p>Neigung \u00b0: 68<\/p>\n<p>Sprosse (mm): 80<\/p>\n<p>Breite (mm): 425<\/p>\n<p>Sprossenabstand (mm): 250<\/p>\n<p><strong>Weitere Details<\/strong><\/p>\n<p>Das D-Holm-Konzept bietet ein deutlich h\u00f6heres Sicherheitsgef\u00fchl beim Arbeiten auf der Leiter sowie eine 4-fach h\u00f6here Torsionsfestigkeit der Holme.<\/p>\n<p>Bohrungen zur Montage der Einh\u00e4ngehaken oder des Anlegebretts bereits vorbereitet.<\/p>\n<p>Extra gro\u00dfe Au\u00dfenstollen, an der Traverse vernietet.<\/p>\n","protected":false},"excerpt":{"rendered":"<p>Besondere Merkmale Ungef\u00e4hre maximale Arbeitsh\u00f6he (m): 3,34 Neigung \u00b0: 68 Sprosse (mm): 80 Breite (mm): 425 Sprossenabstand (mm): 250 Weitere Details Das D-Holm-Konzept bietet ein deutlich h\u00f6heres Sicherheitsgef\u00fchl beim Arbeiten auf der Leiter sowie eine 4-fach h\u00f6here Torsionsfestigkeit der Holme. Bohrungen zur Montage der Einh\u00e4ngehaken oder des Anlegebretts bereits vorbereitet. Extra gro\u00dfe Au\u00dfenstollen, an der [&hellip;]<\/p>\n","protected":false},"featured_media":14429,"template":"","meta":{"inline_featured_image":false},"product_brand":[],"product_cat":[480],"product_tag":[],"class_list":{"0":"post-14423","1":"product","2":"type-product","3":"status-publish","4":"has-post-thumbnail","6":"product_cat-tragbare-leitern","8":"first","9":"instock","10":"shipping-taxable","11":"purchasable","12":"product-type-simple"},"_links":{"self":[{"href":"https:\/\/www.esla.eu\/de\/wp-json\/wp\/v2\/product\/14423","targetHints":{"allow":["GET"]}}],"collection":[{"href":"https:\/\/www.esla.eu\/de\/wp-json\/wp\/v2\/product"}],"about":[{"href":"https:\/\/www.esla.eu\/de\/wp-json\/wp\/v2\/types\/product"}],"wp:featuredmedia":[{"embeddable":true,"href":"https:\/\/www.esla.eu\/de\/wp-json\/wp\/v2\/media\/14429"}],"wp:attachment":[{"href":"https:\/\/www.esla.eu\/de\/wp-json\/wp\/v2\/media?parent=14423"}],"wp:term":[{"taxonomy":"product_brand","embeddable":true,"href":"https:\/\/www.esla.eu\/de\/wp-json\/wp\/v2\/product_brand?post=14423"},{"taxonomy":"product_cat","embeddable":true,"href":"https:\/\/www.esla.eu\/de\/wp-json\/wp\/v2\/product_cat?post=14423"},{"taxonomy":"product_tag","embeddable":true,"href":"https:\/\/www.esla.eu\/de\/wp-json\/wp\/v2\/product_tag?post=14423"}],"curies":[{"name":"wp","href":"https:\/\/api.w.org\/{rel}","templated":true}]}}